{"id":1350,"date":"2021-05-04T12:11:04","date_gmt":"2021-05-04T09:11:04","guid":{"rendered":"http:\/\/www.kutupsogutma.net\/?post_type=product&#038;p=1350"},"modified":"2021-05-04T12:13:21","modified_gmt":"2021-05-04T09:13:21","slug":"utu-ufo-semaver-tost-termostat-cevirmeli-01-ka2002","status":"publish","type":"product","link":"http:\/\/www.kutupsogutma.net\/?product=utu-ufo-semaver-tost-termostat-cevirmeli-01-ka2002","title":{"rendered":"\u00dcT\u00dc UFO SEMAVER TOST TERMOSTAT \u00c7EV\u0130RMEL\u0130 01 KA2002"},"content":{"rendered":"<p>\u00dcT\u00dc UFO SEMAVER TOST TERMOSTAT \u00c7EV\u0130RMEL\u0130 01 KA2002<\/p>\n","protected":false},"excerpt":{"rendered":"<p>\u00dcT\u00dc UFO SEMAVER TOST TERMOSTAT \u00c7EV\u0130RMEL\u0130 01 KA2002<\/p>\n","protected":false},"featured_media":1351,"comment_status":"open","ping_status":"closed","template":"","meta":[],"product_cat":[17,101],"product_tag":[1437,1435,1434,1436,1439,1438,1433],"_links":{"self":[{"href":"http:\/\/www.kutupsogutma.net\/index.php?rest_route=\/wp\/v2\/product\/1350"}],"collection":[{"href":"http:\/\/www.kutupsogutma.net\/index.php?rest_route=\/wp\/v2\/product"}],"about":[{"href":"http:\/\/www.kutupsogutma.net\/index.php?rest_route=\/wp\/v2\/types\/product"}],"replies":[{"embeddable":true,"href":"http:\/\/www.kutupsogutma.net\/index.php?rest_route=%2Fwp%2Fv2%2Fcomments&post=1350"}],"wp:featuredmedia":[{"embeddable":true,"href":"http:\/\/www.kutupsogutma.net\/index.php?rest_route=\/wp\/v2\/media\/1351"}],"wp:attachment":[{"href":"http:\/\/www.kutupsogutma.net\/index.php?rest_route=%2Fwp%2Fv2%2Fmedia&parent=1350"}],"wp:term":[{"taxonomy":"product_cat","embeddable":true,"href":"http:\/\/www.kutupsogutma.net\/index.php?rest_route=%2Fwp%2Fv2%2Fproduct_cat&post=1350"},{"taxonomy":"product_tag","embeddable":true,"href":"http:\/\/www.kutupsogutma.net\/index.php?rest_route=%2Fwp%2Fv2%2Fproduct_tag&post=1350"}],"curies":[{"name":"wp","href":"https:\/\/api.w.org\/{rel}","templated":true}]}}