{"id":1346,"date":"2021-05-04T12:08:46","date_gmt":"2021-05-04T09:08:46","guid":{"rendered":"http:\/\/www.kutupsogutma.net\/?post_type=product&#038;p=1346"},"modified":"2021-05-04T12:10:00","modified_gmt":"2021-05-04T09:10:00","slug":"utu-dugme-ka2000","status":"publish","type":"product","link":"http:\/\/www.kutupsogutma.net\/?product=utu-dugme-ka2000","title":{"rendered":"\u00dcT\u00dc D\u00dc\u011eME KA2000"},"content":{"rendered":"<p>\u00dcT\u00dc D\u00dc\u011eME KA2000<\/p>\n","protected":false},"excerpt":{"rendered":"<p>\u00dcT\u00dc D\u00dc\u011eME KA2000<\/p>\n","protected":false},"featured_media":1347,"comment_status":"open","ping_status":"closed","template":"","meta":[],"product_cat":[17,101],"product_tag":[1431],"_links":{"self":[{"href":"http:\/\/www.kutupsogutma.net\/index.php?rest_route=\/wp\/v2\/product\/1346"}],"collection":[{"href":"http:\/\/www.kutupsogutma.net\/index.php?rest_route=\/wp\/v2\/product"}],"about":[{"href":"http:\/\/www.kutupsogutma.net\/index.php?rest_route=\/wp\/v2\/types\/product"}],"replies":[{"embeddable":true,"href":"http:\/\/www.kutupsogutma.net\/index.php?rest_route=%2Fwp%2Fv2%2Fcomments&post=1346"}],"wp:featuredmedia":[{"embeddable":true,"href":"http:\/\/www.kutupsogutma.net\/index.php?rest_route=\/wp\/v2\/media\/1347"}],"wp:attachment":[{"href":"http:\/\/www.kutupsogutma.net\/index.php?rest_route=%2Fwp%2Fv2%2Fmedia&parent=1346"}],"wp:term":[{"taxonomy":"product_cat","embeddable":true,"href":"http:\/\/www.kutupsogutma.net\/index.php?rest_route=%2Fwp%2Fv2%2Fproduct_cat&post=1346"},{"taxonomy":"product_tag","embeddable":true,"href":"http:\/\/www.kutupsogutma.net\/index.php?rest_route=%2Fwp%2Fv2%2Fproduct_tag&post=1346"}],"curies":[{"name":"wp","href":"https:\/\/api.w.org\/{rel}","templated":true}]}}