{"id":1344,"date":"2021-05-04T12:07:26","date_gmt":"2021-05-04T09:07:26","guid":{"rendered":"http:\/\/www.kutupsogutma.net\/?post_type=product&#038;p=1344"},"modified":"2021-05-04T12:08:39","modified_gmt":"2021-05-04T09:08:39","slug":"ketil-rezistans-arcelik-eski-tip-ka1001","status":"publish","type":"product","link":"http:\/\/www.kutupsogutma.net\/?product=ketil-rezistans-arcelik-eski-tip-ka1001","title":{"rendered":"KETIL REZ\u0130STANS AR\u00c7EL\u0130K ESK\u0130 T\u0130P KA1001"},"content":{"rendered":"<p>KETIL REZ\u0130STANS AR\u00c7EL\u0130K ESK\u0130 T\u0130P KA1001<\/p>\n","protected":false},"excerpt":{"rendered":"<p>KETIL REZ\u0130STANS AR\u00c7EL\u0130K ESK\u0130 T\u0130P KA1001<\/p>\n","protected":false},"featured_media":1345,"comment_status":"open","ping_status":"closed","template":"","meta":[],"product_cat":[100,17],"product_tag":[1429,1430,1428],"_links":{"self":[{"href":"http:\/\/www.kutupsogutma.net\/index.php?rest_route=\/wp\/v2\/product\/1344"}],"collection":[{"href":"http:\/\/www.kutupsogutma.net\/index.php?rest_route=\/wp\/v2\/product"}],"about":[{"href":"http:\/\/www.kutupsogutma.net\/index.php?rest_route=\/wp\/v2\/types\/product"}],"replies":[{"embeddable":true,"href":"http:\/\/www.kutupsogutma.net\/index.php?rest_route=%2Fwp%2Fv2%2Fcomments&post=1344"}],"wp:featuredmedia":[{"embeddable":true,"href":"http:\/\/www.kutupsogutma.net\/index.php?rest_route=\/wp\/v2\/media\/1345"}],"wp:attachment":[{"href":"http:\/\/www.kutupsogutma.net\/index.php?rest_route=%2Fwp%2Fv2%2Fmedia&parent=1344"}],"wp:term":[{"taxonomy":"product_cat","embeddable":true,"href":"http:\/\/www.kutupsogutma.net\/index.php?rest_route=%2Fwp%2Fv2%2Fproduct_cat&post=1344"},{"taxonomy":"product_tag","embeddable":true,"href":"http:\/\/www.kutupsogutma.net\/index.php?rest_route=%2Fwp%2Fv2%2Fproduct_tag&post=1344"}],"curies":[{"name":"wp","href":"https:\/\/api.w.org\/{rel}","templated":true}]}}