{"id":1340,"date":"2021-05-04T12:04:04","date_gmt":"2021-05-04T09:04:04","guid":{"rendered":"http:\/\/www.kutupsogutma.net\/?post_type=product&#038;p=1340"},"modified":"2021-05-04T12:05:03","modified_gmt":"2021-05-04T09:05:03","slug":"tost-makinesi-rezistans-tost-bosch-650w-tr04-ka0005","status":"publish","type":"product","link":"http:\/\/www.kutupsogutma.net\/?product=tost-makinesi-rezistans-tost-bosch-650w-tr04-ka0005","title":{"rendered":"TOST MAK\u0130NES\u0130 REZ\u0130STANS TOST BOSCH 650W TR04 KA0005"},"content":{"rendered":"<p>TOST MAK\u0130NES\u0130 REZ\u0130STANS TOST BOSCH 650W TR04 KA0005<\/p>\n","protected":false},"excerpt":{"rendered":"<p>TOST MAK\u0130NES\u0130 REZ\u0130STANS TOST BOSCH 650W TR04 KA0005<\/p>\n","protected":false},"featured_media":1341,"comment_status":"open","ping_status":"closed","template":"","meta":[],"product_cat":[17,99],"product_tag":[1426,1425],"_links":{"self":[{"href":"http:\/\/www.kutupsogutma.net\/index.php?rest_route=\/wp\/v2\/product\/1340"}],"collection":[{"href":"http:\/\/www.kutupsogutma.net\/index.php?rest_route=\/wp\/v2\/product"}],"about":[{"href":"http:\/\/www.kutupsogutma.net\/index.php?rest_route=\/wp\/v2\/types\/product"}],"replies":[{"embeddable":true,"href":"http:\/\/www.kutupsogutma.net\/index.php?rest_route=%2Fwp%2Fv2%2Fcomments&post=1340"}],"wp:featuredmedia":[{"embeddable":true,"href":"http:\/\/www.kutupsogutma.net\/index.php?rest_route=\/wp\/v2\/media\/1341"}],"wp:attachment":[{"href":"http:\/\/www.kutupsogutma.net\/index.php?rest_route=%2Fwp%2Fv2%2Fmedia&parent=1340"}],"wp:term":[{"taxonomy":"product_cat","embeddable":true,"href":"http:\/\/www.kutupsogutma.net\/index.php?rest_route=%2Fwp%2Fv2%2Fproduct_cat&post=1340"},{"taxonomy":"product_tag","embeddable":true,"href":"http:\/\/www.kutupsogutma.net\/index.php?rest_route=%2Fwp%2Fv2%2Fproduct_tag&post=1340"}],"curies":[{"name":"wp","href":"https:\/\/api.w.org\/{rel}","templated":true}]}}