{"id":1338,"date":"2021-05-04T12:02:39","date_gmt":"2021-05-04T09:02:39","guid":{"rendered":"http:\/\/www.kutupsogutma.net\/?post_type=product&#038;p=1338"},"modified":"2021-05-04T12:03:56","modified_gmt":"2021-05-04T09:03:56","slug":"tost-makinesi-rezistans-tost-arcelik-750w-ka0004","status":"publish","type":"product","link":"http:\/\/www.kutupsogutma.net\/?product=tost-makinesi-rezistans-tost-arcelik-750w-ka0004","title":{"rendered":"TOST MAK\u0130NES\u0130 REZ\u0130STANS TOST AR\u00c7EL\u0130K 750W KA0004"},"content":{"rendered":"<p>TOST MAK\u0130NES\u0130 REZ\u0130STANS TOST AR\u00c7EL\u0130K 750W KA0004<\/p>\n","protected":false},"excerpt":{"rendered":"<p>TOST MAK\u0130NES\u0130 REZ\u0130STANS TOST AR\u00c7EL\u0130K 750W KA0004<\/p>\n","protected":false},"featured_media":1339,"comment_status":"open","ping_status":"closed","template":"","meta":[],"product_cat":[17,99],"product_tag":[1423,1424,1422],"_links":{"self":[{"href":"http:\/\/www.kutupsogutma.net\/index.php?rest_route=\/wp\/v2\/product\/1338"}],"collection":[{"href":"http:\/\/www.kutupsogutma.net\/index.php?rest_route=\/wp\/v2\/product"}],"about":[{"href":"http:\/\/www.kutupsogutma.net\/index.php?rest_route=\/wp\/v2\/types\/product"}],"replies":[{"embeddable":true,"href":"http:\/\/www.kutupsogutma.net\/index.php?rest_route=%2Fwp%2Fv2%2Fcomments&post=1338"}],"wp:featuredmedia":[{"embeddable":true,"href":"http:\/\/www.kutupsogutma.net\/index.php?rest_route=\/wp\/v2\/media\/1339"}],"wp:attachment":[{"href":"http:\/\/www.kutupsogutma.net\/index.php?rest_route=%2Fwp%2Fv2%2Fmedia&parent=1338"}],"wp:term":[{"taxonomy":"product_cat","embeddable":true,"href":"http:\/\/www.kutupsogutma.net\/index.php?rest_route=%2Fwp%2Fv2%2Fproduct_cat&post=1338"},{"taxonomy":"product_tag","embeddable":true,"href":"http:\/\/www.kutupsogutma.net\/index.php?rest_route=%2Fwp%2Fv2%2Fproduct_tag&post=1338"}],"curies":[{"name":"wp","href":"https:\/\/api.w.org\/{rel}","templated":true}]}}