{"id":1334,"date":"2021-05-04T12:00:42","date_gmt":"2021-05-04T09:00:42","guid":{"rendered":"http:\/\/www.kutupsogutma.net\/?post_type=product&#038;p=1334"},"modified":"2021-05-04T12:01:30","modified_gmt":"2021-05-04T09:01:30","slug":"tost-makinesi-rezistans-800w-tr11-ka0002","status":"publish","type":"product","link":"http:\/\/www.kutupsogutma.net\/?product=tost-makinesi-rezistans-800w-tr11-ka0002","title":{"rendered":"TOST MAK\u0130NES\u0130 REZ\u0130STANS 800W TR11 KA0002"},"content":{"rendered":"<p>TOST MAK\u0130NES\u0130 REZ\u0130STANS 800W TR11 KA0002<\/p>\n","protected":false},"excerpt":{"rendered":"<p>TOST MAK\u0130NES\u0130 REZ\u0130STANS 800W TR11 KA0002<\/p>\n","protected":false},"featured_media":1335,"comment_status":"open","ping_status":"closed","template":"","meta":[],"product_cat":[17,99],"product_tag":[1419],"_links":{"self":[{"href":"http:\/\/www.kutupsogutma.net\/index.php?rest_route=\/wp\/v2\/product\/1334"}],"collection":[{"href":"http:\/\/www.kutupsogutma.net\/index.php?rest_route=\/wp\/v2\/product"}],"about":[{"href":"http:\/\/www.kutupsogutma.net\/index.php?rest_route=\/wp\/v2\/types\/product"}],"replies":[{"embeddable":true,"href":"http:\/\/www.kutupsogutma.net\/index.php?rest_route=%2Fwp%2Fv2%2Fcomments&post=1334"}],"wp:featuredmedia":[{"embeddable":true,"href":"http:\/\/www.kutupsogutma.net\/index.php?rest_route=\/wp\/v2\/media\/1335"}],"wp:attachment":[{"href":"http:\/\/www.kutupsogutma.net\/index.php?rest_route=%2Fwp%2Fv2%2Fmedia&parent=1334"}],"wp:term":[{"taxonomy":"product_cat","embeddable":true,"href":"http:\/\/www.kutupsogutma.net\/index.php?rest_route=%2Fwp%2Fv2%2Fproduct_cat&post=1334"},{"taxonomy":"product_tag","embeddable":true,"href":"http:\/\/www.kutupsogutma.net\/index.php?rest_route=%2Fwp%2Fv2%2Fproduct_tag&post=1334"}],"curies":[{"name":"wp","href":"https:\/\/api.w.org\/{rel}","templated":true}]}}