{"id":1332,"date":"2021-05-04T11:59:47","date_gmt":"2021-05-04T08:59:47","guid":{"rendered":"http:\/\/www.kutupsogutma.net\/?post_type=product&#038;p=1332"},"modified":"2021-05-04T12:00:36","modified_gmt":"2021-05-04T09:00:36","slug":"tost-makinesi-rezistans-800w-tr01-ka0001","status":"publish","type":"product","link":"http:\/\/www.kutupsogutma.net\/?product=tost-makinesi-rezistans-800w-tr01-ka0001","title":{"rendered":"TOST MAK\u0130NES\u0130 REZ\u0130STANS 800W TR01 KA0001"},"content":{"rendered":"<p>TOST MAK\u0130NES\u0130 REZ\u0130STANS 800W TR01 KA0001<\/p>\n","protected":false},"excerpt":{"rendered":"<p>TOST MAK\u0130NES\u0130 REZ\u0130STANS 800W TR01 KA0001<\/p>\n","protected":false},"featured_media":1333,"comment_status":"open","ping_status":"closed","template":"","meta":[],"product_cat":[17,99],"product_tag":[1418],"_links":{"self":[{"href":"http:\/\/www.kutupsogutma.net\/index.php?rest_route=\/wp\/v2\/product\/1332"}],"collection":[{"href":"http:\/\/www.kutupsogutma.net\/index.php?rest_route=\/wp\/v2\/product"}],"about":[{"href":"http:\/\/www.kutupsogutma.net\/index.php?rest_route=\/wp\/v2\/types\/product"}],"replies":[{"embeddable":true,"href":"http:\/\/www.kutupsogutma.net\/index.php?rest_route=%2Fwp%2Fv2%2Fcomments&post=1332"}],"wp:featuredmedia":[{"embeddable":true,"href":"http:\/\/www.kutupsogutma.net\/index.php?rest_route=\/wp\/v2\/media\/1333"}],"wp:attachment":[{"href":"http:\/\/www.kutupsogutma.net\/index.php?rest_route=%2Fwp%2Fv2%2Fmedia&parent=1332"}],"wp:term":[{"taxonomy":"product_cat","embeddable":true,"href":"http:\/\/www.kutupsogutma.net\/index.php?rest_route=%2Fwp%2Fv2%2Fproduct_cat&post=1332"},{"taxonomy":"product_tag","embeddable":true,"href":"http:\/\/www.kutupsogutma.net\/index.php?rest_route=%2Fwp%2Fv2%2Fproduct_tag&post=1332"}],"curies":[{"name":"wp","href":"https:\/\/api.w.org\/{rel}","templated":true}]}}