{"id":1321,"date":"2021-05-04T11:27:25","date_gmt":"2021-05-04T08:27:25","guid":{"rendered":"http:\/\/www.kutupsogutma.net\/?post_type=product&#038;p=1321"},"modified":"2021-05-04T11:28:17","modified_gmt":"2021-05-04T08:28:17","slug":"oksijen-set-salama-uc-baslik-gz4000","status":"publish","type":"product","link":"http:\/\/www.kutupsogutma.net\/?product=oksijen-set-salama-uc-baslik-gz4000","title":{"rendered":"OKS\u0130JEN SET \u015eALAMA U\u00c7 BA\u015eLIK GZ4000"},"content":{"rendered":"<p>OKS\u0130JEN SET \u015eALAMA U\u00c7 BA\u015eLIK GZ4000<\/p>\n","protected":false},"excerpt":{"rendered":"<p>OKS\u0130JEN SET \u015eALAMA U\u00c7 BA\u015eLIK GZ4000<\/p>\n","protected":false},"featured_media":1322,"comment_status":"open","ping_status":"closed","template":"","meta":[],"product_cat":[27,98],"product_tag":[1413],"_links":{"self":[{"href":"http:\/\/www.kutupsogutma.net\/index.php?rest_route=\/wp\/v2\/product\/1321"}],"collection":[{"href":"http:\/\/www.kutupsogutma.net\/index.php?rest_route=\/wp\/v2\/product"}],"about":[{"href":"http:\/\/www.kutupsogutma.net\/index.php?rest_route=\/wp\/v2\/types\/product"}],"replies":[{"embeddable":true,"href":"http:\/\/www.kutupsogutma.net\/index.php?rest_route=%2Fwp%2Fv2%2Fcomments&post=1321"}],"wp:featuredmedia":[{"embeddable":true,"href":"http:\/\/www.kutupsogutma.net\/index.php?rest_route=\/wp\/v2\/media\/1322"}],"wp:attachment":[{"href":"http:\/\/www.kutupsogutma.net\/index.php?rest_route=%2Fwp%2Fv2%2Fmedia&parent=1321"}],"wp:term":[{"taxonomy":"product_cat","embeddable":true,"href":"http:\/\/www.kutupsogutma.net\/index.php?rest_route=%2Fwp%2Fv2%2Fproduct_cat&post=1321"},{"taxonomy":"product_tag","embeddable":true,"href":"http:\/\/www.kutupsogutma.net\/index.php?rest_route=%2Fwp%2Fv2%2Fproduct_tag&post=1321"}],"curies":[{"name":"wp","href":"https:\/\/api.w.org\/{rel}","templated":true}]}}