{"id":1315,"date":"2021-05-04T11:23:51","date_gmt":"2021-05-04T08:23:51","guid":{"rendered":"http:\/\/www.kutupsogutma.net\/?post_type=product&#038;p=1315"},"modified":"2021-05-04T11:24:54","modified_gmt":"2021-05-04T08:24:54","slug":"gaz-sarj-tupu-1kg-12-22-134-gz3002","status":"publish","type":"product","link":"http:\/\/www.kutupsogutma.net\/?product=gaz-sarj-tupu-1kg-12-22-134-gz3002","title":{"rendered":"GAZ \u015eARJ T\u00dcP\u00dc 1KG (12-22-134) GZ3002"},"content":{"rendered":"<p>GAZ \u015eARJ T\u00dcP\u00dc 1KG (12-22-134) GZ3002<\/p>\n","protected":false},"excerpt":{"rendered":"<p>GAZ \u015eARJ T\u00dcP\u00dc 1KG (12-22-134) GZ3002<\/p>\n","protected":false},"featured_media":1316,"comment_status":"open","ping_status":"closed","template":"","meta":[],"product_cat":[97,27],"product_tag":[1408],"_links":{"self":[{"href":"http:\/\/www.kutupsogutma.net\/index.php?rest_route=\/wp\/v2\/product\/1315"}],"collection":[{"href":"http:\/\/www.kutupsogutma.net\/index.php?rest_route=\/wp\/v2\/product"}],"about":[{"href":"http:\/\/www.kutupsogutma.net\/index.php?rest_route=\/wp\/v2\/types\/product"}],"replies":[{"embeddable":true,"href":"http:\/\/www.kutupsogutma.net\/index.php?rest_route=%2Fwp%2Fv2%2Fcomments&post=1315"}],"wp:featuredmedia":[{"embeddable":true,"href":"http:\/\/www.kutupsogutma.net\/index.php?rest_route=\/wp\/v2\/media\/1316"}],"wp:attachment":[{"href":"http:\/\/www.kutupsogutma.net\/index.php?rest_route=%2Fwp%2Fv2%2Fmedia&parent=1315"}],"wp:term":[{"taxonomy":"product_cat","embeddable":true,"href":"http:\/\/www.kutupsogutma.net\/index.php?rest_route=%2Fwp%2Fv2%2Fproduct_cat&post=1315"},{"taxonomy":"product_tag","embeddable":true,"href":"http:\/\/www.kutupsogutma.net\/index.php?rest_route=%2Fwp%2Fv2%2Fproduct_tag&post=1315"}],"curies":[{"name":"wp","href":"https:\/\/api.w.org\/{rel}","templated":true}]}}