{"id":1313,"date":"2021-05-04T11:22:44","date_gmt":"2021-05-04T08:22:44","guid":{"rendered":"http:\/\/www.kutupsogutma.net\/?post_type=product&#038;p=1313"},"modified":"2021-05-04T11:23:45","modified_gmt":"2021-05-04T08:23:45","slug":"gaz-saati-yuksek-basinc-r22-r134a-r404a-r410a-kirmizi-gz3001","status":"publish","type":"product","link":"http:\/\/www.kutupsogutma.net\/?product=gaz-saati-yuksek-basinc-r22-r134a-r404a-r410a-kirmizi-gz3001","title":{"rendered":"GAZ SAAT\u0130 Y\u00dcKSEK BASIN\u00c7 R22 R134A R404A R410A KIRMIZI GZ3001"},"content":{"rendered":"<p>GAZ SAAT\u0130 Y\u00dcKSEK BASIN\u00c7 R22 R134A R404A R410A KIRMIZI GZ3001<\/p>\n","protected":false},"excerpt":{"rendered":"<p>GAZ SAAT\u0130 Y\u00dcKSEK BASIN\u00c7 R22 R134A R404A R410A KIRMIZI GZ3001<\/p>\n","protected":false},"featured_media":1314,"comment_status":"open","ping_status":"closed","template":"","meta":[],"product_cat":[97,27],"product_tag":[1406,1405,1407],"_links":{"self":[{"href":"http:\/\/www.kutupsogutma.net\/index.php?rest_route=\/wp\/v2\/product\/1313"}],"collection":[{"href":"http:\/\/www.kutupsogutma.net\/index.php?rest_route=\/wp\/v2\/product"}],"about":[{"href":"http:\/\/www.kutupsogutma.net\/index.php?rest_route=\/wp\/v2\/types\/product"}],"replies":[{"embeddable":true,"href":"http:\/\/www.kutupsogutma.net\/index.php?rest_route=%2Fwp%2Fv2%2Fcomments&post=1313"}],"wp:featuredmedia":[{"embeddable":true,"href":"http:\/\/www.kutupsogutma.net\/index.php?rest_route=\/wp\/v2\/media\/1314"}],"wp:attachment":[{"href":"http:\/\/www.kutupsogutma.net\/index.php?rest_route=%2Fwp%2Fv2%2Fmedia&parent=1313"}],"wp:term":[{"taxonomy":"product_cat","embeddable":true,"href":"http:\/\/www.kutupsogutma.net\/index.php?rest_route=%2Fwp%2Fv2%2Fproduct_cat&post=1313"},{"taxonomy":"product_tag","embeddable":true,"href":"http:\/\/www.kutupsogutma.net\/index.php?rest_route=%2Fwp%2Fv2%2Fproduct_tag&post=1313"}],"curies":[{"name":"wp","href":"https:\/\/api.w.org\/{rel}","templated":true}]}}