{"id":1311,"date":"2021-05-04T11:21:16","date_gmt":"2021-05-04T08:21:16","guid":{"rendered":"http:\/\/www.kutupsogutma.net\/?post_type=product&#038;p=1311"},"modified":"2021-05-04T11:22:38","modified_gmt":"2021-05-04T08:22:38","slug":"gaz-saati-alcak-basinc-r22-r134a-r404a-r410a-mavi-gz3000","status":"publish","type":"product","link":"http:\/\/www.kutupsogutma.net\/?product=gaz-saati-alcak-basinc-r22-r134a-r404a-r410a-mavi-gz3000","title":{"rendered":"GAZ SAAT\u0130 AL\u00c7AK BASIN\u00c7 R22 R134A R404A R410A MAV\u0130 GZ3000"},"content":{"rendered":"<p>GAZ SAAT\u0130 AL\u00c7AK BASIN\u00c7 R22 R134A R404A R410A MAV\u0130 GZ3000<\/p>\n","protected":false},"excerpt":{"rendered":"<p>GAZ SAAT\u0130 AL\u00c7AK BASIN\u00c7 R22 R134A R404A R410A MAV\u0130 GZ3000<\/p>\n","protected":false},"featured_media":1312,"comment_status":"open","ping_status":"closed","template":"","meta":[],"product_cat":[97,27],"product_tag":[1404,1403,1405],"_links":{"self":[{"href":"http:\/\/www.kutupsogutma.net\/index.php?rest_route=\/wp\/v2\/product\/1311"}],"collection":[{"href":"http:\/\/www.kutupsogutma.net\/index.php?rest_route=\/wp\/v2\/product"}],"about":[{"href":"http:\/\/www.kutupsogutma.net\/index.php?rest_route=\/wp\/v2\/types\/product"}],"replies":[{"embeddable":true,"href":"http:\/\/www.kutupsogutma.net\/index.php?rest_route=%2Fwp%2Fv2%2Fcomments&post=1311"}],"wp:featuredmedia":[{"embeddable":true,"href":"http:\/\/www.kutupsogutma.net\/index.php?rest_route=\/wp\/v2\/media\/1312"}],"wp:attachment":[{"href":"http:\/\/www.kutupsogutma.net\/index.php?rest_route=%2Fwp%2Fv2%2Fmedia&parent=1311"}],"wp:term":[{"taxonomy":"product_cat","embeddable":true,"href":"http:\/\/www.kutupsogutma.net\/index.php?rest_route=%2Fwp%2Fv2%2Fproduct_cat&post=1311"},{"taxonomy":"product_tag","embeddable":true,"href":"http:\/\/www.kutupsogutma.net\/index.php?rest_route=%2Fwp%2Fv2%2Fproduct_tag&post=1311"}],"curies":[{"name":"wp","href":"https:\/\/api.w.org\/{rel}","templated":true}]}}