{"id":1299,"date":"2021-05-04T11:11:41","date_gmt":"2021-05-04T08:11:41","guid":{"rendered":"http:\/\/www.kutupsogutma.net\/?post_type=product&#038;p=1299"},"modified":"2021-05-04T11:13:14","modified_gmt":"2021-05-04T08:13:14","slug":"gaz-kacak-dedektor-refco-5650a-9881381-gz1003","status":"publish","type":"product","link":"http:\/\/www.kutupsogutma.net\/?product=gaz-kacak-dedektor-refco-5650a-9881381-gz1003","title":{"rendered":"GAZ KA\u00c7AK DEDEKT\u00d6R REFCO 5650A-9881381 GZ1003"},"content":{"rendered":"<p>GAZ KA\u00c7AK DEDEKT\u00d6R REFCO 5650A-9881381 GZ1003<\/p>\n","protected":false},"excerpt":{"rendered":"<p>GAZ KA\u00c7AK DEDEKT\u00d6R REFCO 5650A-9881381 GZ1003<\/p>\n","protected":false},"featured_media":1300,"comment_status":"open","ping_status":"closed","template":"","meta":[],"product_cat":[95,27],"product_tag":[1391,1393,1392],"_links":{"self":[{"href":"http:\/\/www.kutupsogutma.net\/index.php?rest_route=\/wp\/v2\/product\/1299"}],"collection":[{"href":"http:\/\/www.kutupsogutma.net\/index.php?rest_route=\/wp\/v2\/product"}],"about":[{"href":"http:\/\/www.kutupsogutma.net\/index.php?rest_route=\/wp\/v2\/types\/product"}],"replies":[{"embeddable":true,"href":"http:\/\/www.kutupsogutma.net\/index.php?rest_route=%2Fwp%2Fv2%2Fcomments&post=1299"}],"wp:featuredmedia":[{"embeddable":true,"href":"http:\/\/www.kutupsogutma.net\/index.php?rest_route=\/wp\/v2\/media\/1300"}],"wp:attachment":[{"href":"http:\/\/www.kutupsogutma.net\/index.php?rest_route=%2Fwp%2Fv2%2Fmedia&parent=1299"}],"wp:term":[{"taxonomy":"product_cat","embeddable":true,"href":"http:\/\/www.kutupsogutma.net\/index.php?rest_route=%2Fwp%2Fv2%2Fproduct_cat&post=1299"},{"taxonomy":"product_tag","embeddable":true,"href":"http:\/\/www.kutupsogutma.net\/index.php?rest_route=%2Fwp%2Fv2%2Fproduct_tag&post=1299"}],"curies":[{"name":"wp","href":"https:\/\/api.w.org\/{rel}","templated":true}]}}