{"id":1297,"date":"2021-05-04T11:10:15","date_gmt":"2021-05-04T08:10:15","guid":{"rendered":"http:\/\/www.kutupsogutma.net\/?post_type=product&#038;p=1297"},"modified":"2021-05-04T11:11:10","modified_gmt":"2021-05-04T08:11:10","slug":"oto-gaz-sibobu-oto-sarj-aparati-gz1002","status":"publish","type":"product","link":"http:\/\/www.kutupsogutma.net\/?product=oto-gaz-sibobu-oto-sarj-aparati-gz1002","title":{"rendered":"OTO GAZ S\u0130BOBU &#8211; OTO \u015eARJ APARATI GZ1002"},"content":{"rendered":"<p>OTO GAZ S\u0130BOBU &#8211; OTO \u015eARJ APARATI GZ1002<\/p>\n","protected":false},"excerpt":{"rendered":"<p>OTO GAZ S\u0130BOBU &#8211; OTO \u015eARJ APARATI GZ1002<\/p>\n","protected":false},"featured_media":1298,"comment_status":"open","ping_status":"closed","template":"","meta":[],"product_cat":[95,27],"product_tag":[1389,1390],"_links":{"self":[{"href":"http:\/\/www.kutupsogutma.net\/index.php?rest_route=\/wp\/v2\/product\/1297"}],"collection":[{"href":"http:\/\/www.kutupsogutma.net\/index.php?rest_route=\/wp\/v2\/product"}],"about":[{"href":"http:\/\/www.kutupsogutma.net\/index.php?rest_route=\/wp\/v2\/types\/product"}],"replies":[{"embeddable":true,"href":"http:\/\/www.kutupsogutma.net\/index.php?rest_route=%2Fwp%2Fv2%2Fcomments&post=1297"}],"wp:featuredmedia":[{"embeddable":true,"href":"http:\/\/www.kutupsogutma.net\/index.php?rest_route=\/wp\/v2\/media\/1298"}],"wp:attachment":[{"href":"http:\/\/www.kutupsogutma.net\/index.php?rest_route=%2Fwp%2Fv2%2Fmedia&parent=1297"}],"wp:term":[{"taxonomy":"product_cat","embeddable":true,"href":"http:\/\/www.kutupsogutma.net\/index.php?rest_route=%2Fwp%2Fv2%2Fproduct_cat&post=1297"},{"taxonomy":"product_tag","embeddable":true,"href":"http:\/\/www.kutupsogutma.net\/index.php?rest_route=%2Fwp%2Fv2%2Fproduct_tag&post=1297"}],"curies":[{"name":"wp","href":"https:\/\/api.w.org\/{rel}","templated":true}]}}