{"id":1295,"date":"2021-05-04T11:08:19","date_gmt":"2021-05-04T08:08:19","guid":{"rendered":"http:\/\/www.kutupsogutma.net\/?post_type=product&#038;p=1295"},"modified":"2021-05-04T11:09:43","modified_gmt":"2021-05-04T08:09:43","slug":"gaz-kacak-dedektor-mastercool-53800-c-gozluklu-gz1001","status":"publish","type":"product","link":"http:\/\/www.kutupsogutma.net\/?product=gaz-kacak-dedektor-mastercool-53800-c-gozluklu-gz1001","title":{"rendered":"GAZ KA\u00c7AK DEDEKT\u00d6R MASTERCOOL 53800-C G\u00d6ZL\u00dcKL\u00dc GZ1001"},"content":{"rendered":"<p>GAZ KA\u00c7AK DEDEKT\u00d6R MASTERCOOL 53800-C G\u00d6ZL\u00dcKL\u00dc GZ1001<\/p>\n","protected":false},"excerpt":{"rendered":"<p>GAZ KA\u00c7AK DEDEKT\u00d6R MASTERCOOL 53800-C G\u00d6ZL\u00dcKL\u00dc GZ1001<\/p>\n","protected":false},"featured_media":1296,"comment_status":"open","ping_status":"closed","template":"","meta":[],"product_cat":[95,27],"product_tag":[1387,1388],"_links":{"self":[{"href":"http:\/\/www.kutupsogutma.net\/index.php?rest_route=\/wp\/v2\/product\/1295"}],"collection":[{"href":"http:\/\/www.kutupsogutma.net\/index.php?rest_route=\/wp\/v2\/product"}],"about":[{"href":"http:\/\/www.kutupsogutma.net\/index.php?rest_route=\/wp\/v2\/types\/product"}],"replies":[{"embeddable":true,"href":"http:\/\/www.kutupsogutma.net\/index.php?rest_route=%2Fwp%2Fv2%2Fcomments&post=1295"}],"wp:featuredmedia":[{"embeddable":true,"href":"http:\/\/www.kutupsogutma.net\/index.php?rest_route=\/wp\/v2\/media\/1296"}],"wp:attachment":[{"href":"http:\/\/www.kutupsogutma.net\/index.php?rest_route=%2Fwp%2Fv2%2Fmedia&parent=1295"}],"wp:term":[{"taxonomy":"product_cat","embeddable":true,"href":"http:\/\/www.kutupsogutma.net\/index.php?rest_route=%2Fwp%2Fv2%2Fproduct_cat&post=1295"},{"taxonomy":"product_tag","embeddable":true,"href":"http:\/\/www.kutupsogutma.net\/index.php?rest_route=%2Fwp%2Fv2%2Fproduct_tag&post=1295"}],"curies":[{"name":"wp","href":"https:\/\/api.w.org\/{rel}","templated":true}]}}