{"id":1293,"date":"2021-05-04T11:07:14","date_gmt":"2021-05-04T08:07:14","guid":{"rendered":"http:\/\/www.kutupsogutma.net\/?post_type=product&#038;p=1293"},"modified":"2021-05-04T11:10:06","modified_gmt":"2021-05-04T08:10:06","slug":"r600-gaz-tup-vanasi-igneli-gz1000","status":"publish","type":"product","link":"http:\/\/www.kutupsogutma.net\/?product=r600-gaz-tup-vanasi-igneli-gz1000","title":{"rendered":"R600 GAZ T\u00dcP VANASI \u0130\u011eNEL\u0130 GZ1000"},"content":{"rendered":"<p>R600 GAZ T\u00dcP VANASI \u0130\u011eNEL\u0130 GZ1000<\/p>\n","protected":false},"excerpt":{"rendered":"<p>R600 GAZ T\u00dcP VANASI \u0130\u011eNEL\u0130 GZ1000<\/p>\n","protected":false},"featured_media":1294,"comment_status":"open","ping_status":"closed","template":"","meta":[],"product_cat":[95,27],"product_tag":[1385,1386],"_links":{"self":[{"href":"http:\/\/www.kutupsogutma.net\/index.php?rest_route=\/wp\/v2\/product\/1293"}],"collection":[{"href":"http:\/\/www.kutupsogutma.net\/index.php?rest_route=\/wp\/v2\/product"}],"about":[{"href":"http:\/\/www.kutupsogutma.net\/index.php?rest_route=\/wp\/v2\/types\/product"}],"replies":[{"embeddable":true,"href":"http:\/\/www.kutupsogutma.net\/index.php?rest_route=%2Fwp%2Fv2%2Fcomments&post=1293"}],"wp:featuredmedia":[{"embeddable":true,"href":"http:\/\/www.kutupsogutma.net\/index.php?rest_route=\/wp\/v2\/media\/1294"}],"wp:attachment":[{"href":"http:\/\/www.kutupsogutma.net\/index.php?rest_route=%2Fwp%2Fv2%2Fmedia&parent=1293"}],"wp:term":[{"taxonomy":"product_cat","embeddable":true,"href":"http:\/\/www.kutupsogutma.net\/index.php?rest_route=%2Fwp%2Fv2%2Fproduct_cat&post=1293"},{"taxonomy":"product_tag","embeddable":true,"href":"http:\/\/www.kutupsogutma.net\/index.php?rest_route=%2Fwp%2Fv2%2Fproduct_tag&post=1293"}],"curies":[{"name":"wp","href":"https:\/\/api.w.org\/{rel}","templated":true}]}}