{"id":1277,"date":"2021-05-04T10:49:06","date_gmt":"2021-05-04T07:49:06","guid":{"rendered":"http:\/\/www.kutupsogutma.net\/?post_type=product&#038;p=1277"},"modified":"2021-05-04T10:50:00","modified_gmt":"2021-05-04T07:50:00","slug":"firin-rezistans-pleyt-tas-buyuk-elektrikli-ocak-gozu-19cm-frn11012","status":"publish","type":"product","link":"http:\/\/www.kutupsogutma.net\/?product=firin-rezistans-pleyt-tas-buyuk-elektrikli-ocak-gozu-19cm-frn11012","title":{"rendered":"FIRIN REZ\u0130STANS PLEYT TA\u015e B\u00dcY\u00dcK ELEKTR\u0130KL\u0130 OCAK G\u00d6Z\u00dc 19CM FRN11012"},"content":{"rendered":"<p>FIRIN REZ\u0130STANS PLEYT TA\u015e B\u00dcY\u00dcK ELEKTR\u0130KL\u0130 OCAK G\u00d6Z\u00dc 19CM FRN11012<\/p>\n","protected":false},"excerpt":{"rendered":"<p>FIRIN REZ\u0130STANS PLEYT TA\u015e B\u00dcY\u00dcK ELEKTR\u0130KL\u0130 OCAK G\u00d6Z\u00dc 19CM FRN11012<\/p>\n","protected":false},"featured_media":1278,"comment_status":"open","ping_status":"closed","template":"","meta":[],"product_cat":[93,22],"product_tag":[1373,1374],"_links":{"self":[{"href":"http:\/\/www.kutupsogutma.net\/index.php?rest_route=\/wp\/v2\/product\/1277"}],"collection":[{"href":"http:\/\/www.kutupsogutma.net\/index.php?rest_route=\/wp\/v2\/product"}],"about":[{"href":"http:\/\/www.kutupsogutma.net\/index.php?rest_route=\/wp\/v2\/types\/product"}],"replies":[{"embeddable":true,"href":"http:\/\/www.kutupsogutma.net\/index.php?rest_route=%2Fwp%2Fv2%2Fcomments&post=1277"}],"wp:featuredmedia":[{"embeddable":true,"href":"http:\/\/www.kutupsogutma.net\/index.php?rest_route=\/wp\/v2\/media\/1278"}],"wp:attachment":[{"href":"http:\/\/www.kutupsogutma.net\/index.php?rest_route=%2Fwp%2Fv2%2Fmedia&parent=1277"}],"wp:term":[{"taxonomy":"product_cat","embeddable":true,"href":"http:\/\/www.kutupsogutma.net\/index.php?rest_route=%2Fwp%2Fv2%2Fproduct_cat&post=1277"},{"taxonomy":"product_tag","embeddable":true,"href":"http:\/\/www.kutupsogutma.net\/index.php?rest_route=%2Fwp%2Fv2%2Fproduct_tag&post=1277"}],"curies":[{"name":"wp","href":"https:\/\/api.w.org\/{rel}","templated":true}]}}