{"id":1263,"date":"2021-05-04T10:11:47","date_gmt":"2021-05-04T07:11:47","guid":{"rendered":"http:\/\/www.kutupsogutma.net\/?post_type=product&#038;p=1263"},"modified":"2021-05-04T10:12:33","modified_gmt":"2021-05-04T07:12:33","slug":"firin-kol-arcelik-beko-yeni-tip-siyah-beyaz-frn11005","status":"publish","type":"product","link":"http:\/\/www.kutupsogutma.net\/?product=firin-kol-arcelik-beko-yeni-tip-siyah-beyaz-frn11005","title":{"rendered":"FIRIN KOL AR\u00c7EL\u0130K-BEKO YEN\u0130 T\u0130P S\u0130YAH BEYAZ FRN11005"},"content":{"rendered":"<p>FIRIN KOL AR\u00c7EL\u0130K-BEKO YEN\u0130 T\u0130P S\u0130YAH BEYAZ FRN11005<\/p>\n","protected":false},"excerpt":{"rendered":"<p>FIRIN KOL AR\u00c7EL\u0130K-BEKO YEN\u0130 T\u0130P S\u0130YAH BEYAZ FRN11005<\/p>\n","protected":false},"featured_media":1264,"comment_status":"open","ping_status":"closed","template":"","meta":[],"product_cat":[93,22],"product_tag":[1365],"_links":{"self":[{"href":"http:\/\/www.kutupsogutma.net\/index.php?rest_route=\/wp\/v2\/product\/1263"}],"collection":[{"href":"http:\/\/www.kutupsogutma.net\/index.php?rest_route=\/wp\/v2\/product"}],"about":[{"href":"http:\/\/www.kutupsogutma.net\/index.php?rest_route=\/wp\/v2\/types\/product"}],"replies":[{"embeddable":true,"href":"http:\/\/www.kutupsogutma.net\/index.php?rest_route=%2Fwp%2Fv2%2Fcomments&post=1263"}],"wp:featuredmedia":[{"embeddable":true,"href":"http:\/\/www.kutupsogutma.net\/index.php?rest_route=\/wp\/v2\/media\/1264"}],"wp:attachment":[{"href":"http:\/\/www.kutupsogutma.net\/index.php?rest_route=%2Fwp%2Fv2%2Fmedia&parent=1263"}],"wp:term":[{"taxonomy":"product_cat","embeddable":true,"href":"http:\/\/www.kutupsogutma.net\/index.php?rest_route=%2Fwp%2Fv2%2Fproduct_cat&post=1263"},{"taxonomy":"product_tag","embeddable":true,"href":"http:\/\/www.kutupsogutma.net\/index.php?rest_route=%2Fwp%2Fv2%2Fproduct_tag&post=1263"}],"curies":[{"name":"wp","href":"https:\/\/api.w.org\/{rel}","templated":true}]}}