{"id":1259,"date":"2021-05-04T10:09:40","date_gmt":"2021-05-04T07:09:40","guid":{"rendered":"http:\/\/www.kutupsogutma.net\/?post_type=product&#038;p=1259"},"modified":"2021-05-04T10:10:32","modified_gmt":"2021-05-04T07:10:32","slug":"firin-bek-conta-setustu-arcelik-frn11003","status":"publish","type":"product","link":"http:\/\/www.kutupsogutma.net\/?product=firin-bek-conta-setustu-arcelik-frn11003","title":{"rendered":"FIRIN BEK CONTA SET\u00dcST\u00dc AR\u00c7EL\u0130K FRN11003"},"content":{"rendered":"<p>FIRIN BEK CONTA SET\u00dcST\u00dc AR\u00c7EL\u0130K FRN11003<\/p>\n","protected":false},"excerpt":{"rendered":"<p>FIRIN BEK CONTA SET\u00dcST\u00dc AR\u00c7EL\u0130K FRN11003<\/p>\n","protected":false},"featured_media":1260,"comment_status":"open","ping_status":"closed","template":"","meta":[],"product_cat":[93,22],"product_tag":[1363],"_links":{"self":[{"href":"http:\/\/www.kutupsogutma.net\/index.php?rest_route=\/wp\/v2\/product\/1259"}],"collection":[{"href":"http:\/\/www.kutupsogutma.net\/index.php?rest_route=\/wp\/v2\/product"}],"about":[{"href":"http:\/\/www.kutupsogutma.net\/index.php?rest_route=\/wp\/v2\/types\/product"}],"replies":[{"embeddable":true,"href":"http:\/\/www.kutupsogutma.net\/index.php?rest_route=%2Fwp%2Fv2%2Fcomments&post=1259"}],"wp:featuredmedia":[{"embeddable":true,"href":"http:\/\/www.kutupsogutma.net\/index.php?rest_route=\/wp\/v2\/media\/1260"}],"wp:attachment":[{"href":"http:\/\/www.kutupsogutma.net\/index.php?rest_route=%2Fwp%2Fv2%2Fmedia&parent=1259"}],"wp:term":[{"taxonomy":"product_cat","embeddable":true,"href":"http:\/\/www.kutupsogutma.net\/index.php?rest_route=%2Fwp%2Fv2%2Fproduct_cat&post=1259"},{"taxonomy":"product_tag","embeddable":true,"href":"http:\/\/www.kutupsogutma.net\/index.php?rest_route=%2Fwp%2Fv2%2Fproduct_tag&post=1259"}],"curies":[{"name":"wp","href":"https:\/\/api.w.org\/{rel}","templated":true}]}}