{"id":1255,"date":"2021-05-04T10:07:45","date_gmt":"2021-05-04T07:07:45","guid":{"rendered":"http:\/\/www.kutupsogutma.net\/?post_type=product&#038;p=1255"},"modified":"2021-05-04T10:08:39","modified_gmt":"2021-05-04T07:08:39","slug":"firin-ayak-buyuk-siyah-frn11001","status":"publish","type":"product","link":"http:\/\/www.kutupsogutma.net\/?product=firin-ayak-buyuk-siyah-frn11001","title":{"rendered":"FIRIN AYAK B\u00dcY\u00dcK S\u0130YAH FRN11001"},"content":{"rendered":"<p>FIRIN AYAK B\u00dcY\u00dcK S\u0130YAH FRN11001<\/p>\n","protected":false},"excerpt":{"rendered":"<p>FIRIN AYAK B\u00dcY\u00dcK S\u0130YAH FRN11001<\/p>\n","protected":false},"featured_media":1256,"comment_status":"open","ping_status":"closed","template":"","meta":[],"product_cat":[93,22],"product_tag":[1361],"_links":{"self":[{"href":"http:\/\/www.kutupsogutma.net\/index.php?rest_route=\/wp\/v2\/product\/1255"}],"collection":[{"href":"http:\/\/www.kutupsogutma.net\/index.php?rest_route=\/wp\/v2\/product"}],"about":[{"href":"http:\/\/www.kutupsogutma.net\/index.php?rest_route=\/wp\/v2\/types\/product"}],"replies":[{"embeddable":true,"href":"http:\/\/www.kutupsogutma.net\/index.php?rest_route=%2Fwp%2Fv2%2Fcomments&post=1255"}],"wp:featuredmedia":[{"embeddable":true,"href":"http:\/\/www.kutupsogutma.net\/index.php?rest_route=\/wp\/v2\/media\/1256"}],"wp:attachment":[{"href":"http:\/\/www.kutupsogutma.net\/index.php?rest_route=%2Fwp%2Fv2%2Fmedia&parent=1255"}],"wp:term":[{"taxonomy":"product_cat","embeddable":true,"href":"http:\/\/www.kutupsogutma.net\/index.php?rest_route=%2Fwp%2Fv2%2Fproduct_cat&post=1255"},{"taxonomy":"product_tag","embeddable":true,"href":"http:\/\/www.kutupsogutma.net\/index.php?rest_route=%2Fwp%2Fv2%2Fproduct_tag&post=1255"}],"curies":[{"name":"wp","href":"https:\/\/api.w.org\/{rel}","templated":true}]}}