{"id":1251,"date":"2021-05-04T10:03:54","date_gmt":"2021-05-04T07:03:54","guid":{"rendered":"http:\/\/www.kutupsogutma.net\/?post_type=product&#038;p=1251"},"modified":"2021-05-04T10:06:37","modified_gmt":"2021-05-04T07:06:37","slug":"firin-fan-motoru-arcelik-uzun-mil-frn10001","status":"publish","type":"product","link":"http:\/\/www.kutupsogutma.net\/?product=firin-fan-motoru-arcelik-uzun-mil-frn10001","title":{"rendered":"FIRIN FAN MOTORU AR\u00c7EL\u0130K UZUN M\u0130L FRN10001"},"content":{"rendered":"<p>FIRIN FAN MOTORU AR\u00c7EL\u0130K UZUN M\u0130L FRN10001<\/p>\n","protected":false},"excerpt":{"rendered":"<p>FIRIN FAN MOTORU AR\u00c7EL\u0130K UZUN M\u0130L FRN10001<\/p>\n","protected":false},"featured_media":1252,"comment_status":"open","ping_status":"closed","template":"","meta":[],"product_cat":[92,22],"product_tag":[1355,1356,1358,1359,1357],"_links":{"self":[{"href":"http:\/\/www.kutupsogutma.net\/index.php?rest_route=\/wp\/v2\/product\/1251"}],"collection":[{"href":"http:\/\/www.kutupsogutma.net\/index.php?rest_route=\/wp\/v2\/product"}],"about":[{"href":"http:\/\/www.kutupsogutma.net\/index.php?rest_route=\/wp\/v2\/types\/product"}],"replies":[{"embeddable":true,"href":"http:\/\/www.kutupsogutma.net\/index.php?rest_route=%2Fwp%2Fv2%2Fcomments&post=1251"}],"wp:featuredmedia":[{"embeddable":true,"href":"http:\/\/www.kutupsogutma.net\/index.php?rest_route=\/wp\/v2\/media\/1252"}],"wp:attachment":[{"href":"http:\/\/www.kutupsogutma.net\/index.php?rest_route=%2Fwp%2Fv2%2Fmedia&parent=1251"}],"wp:term":[{"taxonomy":"product_cat","embeddable":true,"href":"http:\/\/www.kutupsogutma.net\/index.php?rest_route=%2Fwp%2Fv2%2Fproduct_cat&post=1251"},{"taxonomy":"product_tag","embeddable":true,"href":"http:\/\/www.kutupsogutma.net\/index.php?rest_route=%2Fwp%2Fv2%2Fproduct_tag&post=1251"}],"curies":[{"name":"wp","href":"https:\/\/api.w.org\/{rel}","templated":true}]}}