{"id":1247,"date":"2021-05-04T10:00:20","date_gmt":"2021-05-04T07:00:20","guid":{"rendered":"http:\/\/www.kutupsogutma.net\/?post_type=product&#038;p=1247"},"modified":"2021-05-04T10:01:36","modified_gmt":"2021-05-04T07:01:36","slug":"sanayi-musluk-lpg-tup-mavi-frn9009","status":"publish","type":"product","link":"http:\/\/www.kutupsogutma.net\/?product=sanayi-musluk-lpg-tup-mavi-frn9009","title":{"rendered":"SANAY\u0130 MUSLUK LPG-T\u00dcP MAV\u0130 FRN9009"},"content":{"rendered":"<p>SANAY\u0130 MUSLUK LPG-T\u00dcP MAV\u0130 FRN9009<\/p>\n","protected":false},"excerpt":{"rendered":"<p>SANAY\u0130 MUSLUK LPG-T\u00dcP MAV\u0130 FRN9009<\/p>\n","protected":false},"featured_media":1248,"comment_status":"open","ping_status":"closed","template":"","meta":[],"product_cat":[91,22],"product_tag":[1349,1350,1353],"_links":{"self":[{"href":"http:\/\/www.kutupsogutma.net\/index.php?rest_route=\/wp\/v2\/product\/1247"}],"collection":[{"href":"http:\/\/www.kutupsogutma.net\/index.php?rest_route=\/wp\/v2\/product"}],"about":[{"href":"http:\/\/www.kutupsogutma.net\/index.php?rest_route=\/wp\/v2\/types\/product"}],"replies":[{"embeddable":true,"href":"http:\/\/www.kutupsogutma.net\/index.php?rest_route=%2Fwp%2Fv2%2Fcomments&post=1247"}],"wp:featuredmedia":[{"embeddable":true,"href":"http:\/\/www.kutupsogutma.net\/index.php?rest_route=\/wp\/v2\/media\/1248"}],"wp:attachment":[{"href":"http:\/\/www.kutupsogutma.net\/index.php?rest_route=%2Fwp%2Fv2%2Fmedia&parent=1247"}],"wp:term":[{"taxonomy":"product_cat","embeddable":true,"href":"http:\/\/www.kutupsogutma.net\/index.php?rest_route=%2Fwp%2Fv2%2Fproduct_cat&post=1247"},{"taxonomy":"product_tag","embeddable":true,"href":"http:\/\/www.kutupsogutma.net\/index.php?rest_route=%2Fwp%2Fv2%2Fproduct_tag&post=1247"}],"curies":[{"name":"wp","href":"https:\/\/api.w.org\/{rel}","templated":true}]}}