{"id":1245,"date":"2021-05-04T09:59:03","date_gmt":"2021-05-04T06:59:03","guid":{"rendered":"http:\/\/www.kutupsogutma.net\/?post_type=product&#038;p=1245"},"modified":"2021-05-04T10:00:14","modified_gmt":"2021-05-04T07:00:14","slug":"sanayi-musluk-dogalgaz-mavi-frn9008","status":"publish","type":"product","link":"http:\/\/www.kutupsogutma.net\/?product=sanayi-musluk-dogalgaz-mavi-frn9008","title":{"rendered":"SANAY\u0130 MUSLUK DO\u011eALGAZ MAV\u0130 FRN9008"},"content":{"rendered":"<p>SANAY\u0130 MUSLUK DO\u011eALGAZ MAV\u0130 FRN9008<\/p>\n","protected":false},"excerpt":{"rendered":"<p>SANAY\u0130 MUSLUK DO\u011eALGAZ MAV\u0130 FRN9008<\/p>\n","protected":false},"featured_media":1246,"comment_status":"open","ping_status":"closed","template":"","meta":[],"product_cat":[91,22],"product_tag":[1352,1349,1350],"_links":{"self":[{"href":"http:\/\/www.kutupsogutma.net\/index.php?rest_route=\/wp\/v2\/product\/1245"}],"collection":[{"href":"http:\/\/www.kutupsogutma.net\/index.php?rest_route=\/wp\/v2\/product"}],"about":[{"href":"http:\/\/www.kutupsogutma.net\/index.php?rest_route=\/wp\/v2\/types\/product"}],"replies":[{"embeddable":true,"href":"http:\/\/www.kutupsogutma.net\/index.php?rest_route=%2Fwp%2Fv2%2Fcomments&post=1245"}],"wp:featuredmedia":[{"embeddable":true,"href":"http:\/\/www.kutupsogutma.net\/index.php?rest_route=\/wp\/v2\/media\/1246"}],"wp:attachment":[{"href":"http:\/\/www.kutupsogutma.net\/index.php?rest_route=%2Fwp%2Fv2%2Fmedia&parent=1245"}],"wp:term":[{"taxonomy":"product_cat","embeddable":true,"href":"http:\/\/www.kutupsogutma.net\/index.php?rest_route=%2Fwp%2Fv2%2Fproduct_cat&post=1245"},{"taxonomy":"product_tag","embeddable":true,"href":"http:\/\/www.kutupsogutma.net\/index.php?rest_route=%2Fwp%2Fv2%2Fproduct_tag&post=1245"}],"curies":[{"name":"wp","href":"https:\/\/api.w.org\/{rel}","templated":true}]}}