{"id":1231,"date":"2021-05-04T09:49:21","date_gmt":"2021-05-04T06:49:21","guid":{"rendered":"http:\/\/www.kutupsogutma.net\/?post_type=product&#038;p=1231"},"modified":"2021-05-04T09:51:01","modified_gmt":"2021-05-04T06:51:01","slug":"firin-ocak-musluk-arcelik-beko-eski-tip-yan-frn9001","status":"publish","type":"product","link":"http:\/\/www.kutupsogutma.net\/?product=firin-ocak-musluk-arcelik-beko-eski-tip-yan-frn9001","title":{"rendered":"FIRIN OCAK MUSLUK AR\u00c7EL\u0130K-BEKO ESK\u0130 T\u0130P YAN FRN9001"},"content":{"rendered":"<p>FIRIN OCAK MUSLUK AR\u00c7EL\u0130K-BEKO ESK\u0130 T\u0130P YAN FRN9001<\/p>\n","protected":false},"excerpt":{"rendered":"<p>FIRIN OCAK MUSLUK AR\u00c7EL\u0130K-BEKO ESK\u0130 T\u0130P YAN FRN9001<\/p>\n","protected":false},"featured_media":1232,"comment_status":"open","ping_status":"closed","template":"","meta":[],"product_cat":[91,22],"product_tag":[1347,1348,1346],"_links":{"self":[{"href":"http:\/\/www.kutupsogutma.net\/index.php?rest_route=\/wp\/v2\/product\/1231"}],"collection":[{"href":"http:\/\/www.kutupsogutma.net\/index.php?rest_route=\/wp\/v2\/product"}],"about":[{"href":"http:\/\/www.kutupsogutma.net\/index.php?rest_route=\/wp\/v2\/types\/product"}],"replies":[{"embeddable":true,"href":"http:\/\/www.kutupsogutma.net\/index.php?rest_route=%2Fwp%2Fv2%2Fcomments&post=1231"}],"wp:featuredmedia":[{"embeddable":true,"href":"http:\/\/www.kutupsogutma.net\/index.php?rest_route=\/wp\/v2\/media\/1232"}],"wp:attachment":[{"href":"http:\/\/www.kutupsogutma.net\/index.php?rest_route=%2Fwp%2Fv2%2Fmedia&parent=1231"}],"wp:term":[{"taxonomy":"product_cat","embeddable":true,"href":"http:\/\/www.kutupsogutma.net\/index.php?rest_route=%2Fwp%2Fv2%2Fproduct_cat&post=1231"},{"taxonomy":"product_tag","embeddable":true,"href":"http:\/\/www.kutupsogutma.net\/index.php?rest_route=%2Fwp%2Fv2%2Fproduct_tag&post=1231"}],"curies":[{"name":"wp","href":"https:\/\/api.w.org\/{rel}","templated":true}]}}