{"id":1229,"date":"2021-05-04T09:48:50","date_gmt":"2021-05-04T06:48:50","guid":{"rendered":"http:\/\/www.kutupsogutma.net\/?post_type=product&#038;p=1229"},"modified":"2021-05-04T09:48:50","modified_gmt":"2021-05-04T06:48:50","slug":"firin-musluk-arcelik-beko-eski-tip-frn9000","status":"publish","type":"product","link":"http:\/\/www.kutupsogutma.net\/?product=firin-musluk-arcelik-beko-eski-tip-frn9000","title":{"rendered":"FIRIN MUSLUK AR\u00c7EL\u0130K-BEKO ESK\u0130 T\u0130P FRN9000"},"content":{"rendered":"<p>FIRIN MUSLUK AR\u00c7EL\u0130K-BEKO ESK\u0130 T\u0130P FRN9000<\/p>\n","protected":false},"excerpt":{"rendered":"<p>FIRIN MUSLUK AR\u00c7EL\u0130K-BEKO ESK\u0130 T\u0130P FRN9000<\/p>\n","protected":false},"featured_media":1230,"comment_status":"open","ping_status":"closed","template":"","meta":[],"product_cat":[91,22],"product_tag":[1347,1348,1346],"_links":{"self":[{"href":"http:\/\/www.kutupsogutma.net\/index.php?rest_route=\/wp\/v2\/product\/1229"}],"collection":[{"href":"http:\/\/www.kutupsogutma.net\/index.php?rest_route=\/wp\/v2\/product"}],"about":[{"href":"http:\/\/www.kutupsogutma.net\/index.php?rest_route=\/wp\/v2\/types\/product"}],"replies":[{"embeddable":true,"href":"http:\/\/www.kutupsogutma.net\/index.php?rest_route=%2Fwp%2Fv2%2Fcomments&post=1229"}],"wp:featuredmedia":[{"embeddable":true,"href":"http:\/\/www.kutupsogutma.net\/index.php?rest_route=\/wp\/v2\/media\/1230"}],"wp:attachment":[{"href":"http:\/\/www.kutupsogutma.net\/index.php?rest_route=%2Fwp%2Fv2%2Fmedia&parent=1229"}],"wp:term":[{"taxonomy":"product_cat","embeddable":true,"href":"http:\/\/www.kutupsogutma.net\/index.php?rest_route=%2Fwp%2Fv2%2Fproduct_cat&post=1229"},{"taxonomy":"product_tag","embeddable":true,"href":"http:\/\/www.kutupsogutma.net\/index.php?rest_route=%2Fwp%2Fv2%2Fproduct_tag&post=1229"}],"curies":[{"name":"wp","href":"https:\/\/api.w.org\/{rel}","templated":true}]}}