{"id":1219,"date":"2021-05-03T15:36:27","date_gmt":"2021-05-03T12:36:27","guid":{"rendered":"http:\/\/www.kutupsogutma.net\/?post_type=product&#038;p=1219"},"modified":"2021-05-03T15:37:32","modified_gmt":"2021-05-03T12:37:32","slug":"ocak-bek-sapka-arcelik-kucuk-gri-frn8009","status":"publish","type":"product","link":"http:\/\/www.kutupsogutma.net\/?product=ocak-bek-sapka-arcelik-kucuk-gri-frn8009","title":{"rendered":"OCAK BEK \u015eAPKA AR\u00c7EL\u0130K K\u00dc\u00c7\u00dcK GR\u0130 FRN8009"},"content":{"rendered":"<p>OCAK BEK \u015eAPKA AR\u00c7EL\u0130K K\u00dc\u00c7\u00dcK GR\u0130 FRN8009<\/p>\n","protected":false},"excerpt":{"rendered":"<p>OCAK BEK \u015eAPKA AR\u00c7EL\u0130K K\u00dc\u00c7\u00dcK GR\u0130 FRN8009<\/p>\n","protected":false},"featured_media":1220,"comment_status":"open","ping_status":"closed","template":"","meta":[],"product_cat":[90,22],"product_tag":[1343,1342],"_links":{"self":[{"href":"http:\/\/www.kutupsogutma.net\/index.php?rest_route=\/wp\/v2\/product\/1219"}],"collection":[{"href":"http:\/\/www.kutupsogutma.net\/index.php?rest_route=\/wp\/v2\/product"}],"about":[{"href":"http:\/\/www.kutupsogutma.net\/index.php?rest_route=\/wp\/v2\/types\/product"}],"replies":[{"embeddable":true,"href":"http:\/\/www.kutupsogutma.net\/index.php?rest_route=%2Fwp%2Fv2%2Fcomments&post=1219"}],"wp:featuredmedia":[{"embeddable":true,"href":"http:\/\/www.kutupsogutma.net\/index.php?rest_route=\/wp\/v2\/media\/1220"}],"wp:attachment":[{"href":"http:\/\/www.kutupsogutma.net\/index.php?rest_route=%2Fwp%2Fv2%2Fmedia&parent=1219"}],"wp:term":[{"taxonomy":"product_cat","embeddable":true,"href":"http:\/\/www.kutupsogutma.net\/index.php?rest_route=%2Fwp%2Fv2%2Fproduct_cat&post=1219"},{"taxonomy":"product_tag","embeddable":true,"href":"http:\/\/www.kutupsogutma.net\/index.php?rest_route=%2Fwp%2Fv2%2Fproduct_tag&post=1219"}],"curies":[{"name":"wp","href":"https:\/\/api.w.org\/{rel}","templated":true}]}}