{"id":1217,"date":"2021-05-03T15:35:04","date_gmt":"2021-05-03T12:35:04","guid":{"rendered":"http:\/\/www.kutupsogutma.net\/?post_type=product&#038;p=1217"},"modified":"2021-05-03T15:36:15","modified_gmt":"2021-05-03T12:36:15","slug":"ocak-bek-sapka-arcelik-120221001-gri-frn8004","status":"publish","type":"product","link":"http:\/\/www.kutupsogutma.net\/?product=ocak-bek-sapka-arcelik-120221001-gri-frn8004","title":{"rendered":"OCAK BEK \u015eAPKA AR\u00c7EL\u0130K 120221001 GR\u0130 FRN8004"},"content":{"rendered":"<p>OCAK BEK \u015eAPKA AR\u00c7EL\u0130K 120221001 GR\u0130 FRN8004<\/p>\n","protected":false},"excerpt":{"rendered":"<p>OCAK BEK \u015eAPKA AR\u00c7EL\u0130K 120221001 GR\u0130 FRN8004<\/p>\n","protected":false},"featured_media":1218,"comment_status":"open","ping_status":"closed","template":"","meta":[],"product_cat":[90,22],"product_tag":[1341,1340],"_links":{"self":[{"href":"http:\/\/www.kutupsogutma.net\/index.php?rest_route=\/wp\/v2\/product\/1217"}],"collection":[{"href":"http:\/\/www.kutupsogutma.net\/index.php?rest_route=\/wp\/v2\/product"}],"about":[{"href":"http:\/\/www.kutupsogutma.net\/index.php?rest_route=\/wp\/v2\/types\/product"}],"replies":[{"embeddable":true,"href":"http:\/\/www.kutupsogutma.net\/index.php?rest_route=%2Fwp%2Fv2%2Fcomments&post=1217"}],"wp:featuredmedia":[{"embeddable":true,"href":"http:\/\/www.kutupsogutma.net\/index.php?rest_route=\/wp\/v2\/media\/1218"}],"wp:attachment":[{"href":"http:\/\/www.kutupsogutma.net\/index.php?rest_route=%2Fwp%2Fv2%2Fmedia&parent=1217"}],"wp:term":[{"taxonomy":"product_cat","embeddable":true,"href":"http:\/\/www.kutupsogutma.net\/index.php?rest_route=%2Fwp%2Fv2%2Fproduct_cat&post=1217"},{"taxonomy":"product_tag","embeddable":true,"href":"http:\/\/www.kutupsogutma.net\/index.php?rest_route=%2Fwp%2Fv2%2Fproduct_tag&post=1217"}],"curies":[{"name":"wp","href":"https:\/\/api.w.org\/{rel}","templated":true}]}}