{"id":1215,"date":"2021-05-03T15:33:38","date_gmt":"2021-05-03T12:33:38","guid":{"rendered":"http:\/\/www.kutupsogutma.net\/?post_type=product&#038;p=1215"},"modified":"2021-05-03T15:34:56","modified_gmt":"2021-05-03T12:34:56","slug":"ocak-bek-sapka-arcelik-120900006-siyah-frn8003","status":"publish","type":"product","link":"http:\/\/www.kutupsogutma.net\/?product=ocak-bek-sapka-arcelik-120900006-siyah-frn8003","title":{"rendered":"OCAK BEK \u015eAPKA AR\u00c7EL\u0130K 120900006 S\u0130YAH FRN8003"},"content":{"rendered":"<p>OCAK BEK \u015eAPKA AR\u00c7EL\u0130K 120900006 S\u0130YAH FRN8003<\/p>\n","protected":false},"excerpt":{"rendered":"<p>OCAK BEK \u015eAPKA AR\u00c7EL\u0130K 120900006 S\u0130YAH FRN8003<\/p>\n","protected":false},"featured_media":1216,"comment_status":"open","ping_status":"closed","template":"","meta":[],"product_cat":[90,22],"product_tag":[1339,1338],"_links":{"self":[{"href":"http:\/\/www.kutupsogutma.net\/index.php?rest_route=\/wp\/v2\/product\/1215"}],"collection":[{"href":"http:\/\/www.kutupsogutma.net\/index.php?rest_route=\/wp\/v2\/product"}],"about":[{"href":"http:\/\/www.kutupsogutma.net\/index.php?rest_route=\/wp\/v2\/types\/product"}],"replies":[{"embeddable":true,"href":"http:\/\/www.kutupsogutma.net\/index.php?rest_route=%2Fwp%2Fv2%2Fcomments&post=1215"}],"wp:featuredmedia":[{"embeddable":true,"href":"http:\/\/www.kutupsogutma.net\/index.php?rest_route=\/wp\/v2\/media\/1216"}],"wp:attachment":[{"href":"http:\/\/www.kutupsogutma.net\/index.php?rest_route=%2Fwp%2Fv2%2Fmedia&parent=1215"}],"wp:term":[{"taxonomy":"product_cat","embeddable":true,"href":"http:\/\/www.kutupsogutma.net\/index.php?rest_route=%2Fwp%2Fv2%2Fproduct_cat&post=1215"},{"taxonomy":"product_tag","embeddable":true,"href":"http:\/\/www.kutupsogutma.net\/index.php?rest_route=%2Fwp%2Fv2%2Fproduct_tag&post=1215"}],"curies":[{"name":"wp","href":"https:\/\/api.w.org\/{rel}","templated":true}]}}