{"id":1211,"date":"2021-05-03T15:30:54","date_gmt":"2021-05-03T12:30:54","guid":{"rendered":"http:\/\/www.kutupsogutma.net\/?post_type=product&#038;p=1211"},"modified":"2021-05-03T15:32:01","modified_gmt":"2021-05-03T12:32:01","slug":"ocak-bek-sapka-emaye-delikli-takim-frn8001","status":"publish","type":"product","link":"http:\/\/www.kutupsogutma.net\/?product=ocak-bek-sapka-emaye-delikli-takim-frn8001","title":{"rendered":"OCAK BEK \u015eAPKA EMAYE DEL\u0130KL\u0130 TAKIM FRN8001"},"content":{"rendered":"<p>OCAK BEK \u015eAPKA EMAYE DEL\u0130KL\u0130 TAKIM FRN8001<\/p>\n","protected":false},"excerpt":{"rendered":"<p>OCAK BEK \u015eAPKA EMAYE DEL\u0130KL\u0130 TAKIM FRN8001<\/p>\n","protected":false},"featured_media":1212,"comment_status":"open","ping_status":"closed","template":"","meta":[],"product_cat":[90,22],"product_tag":[1335],"_links":{"self":[{"href":"http:\/\/www.kutupsogutma.net\/index.php?rest_route=\/wp\/v2\/product\/1211"}],"collection":[{"href":"http:\/\/www.kutupsogutma.net\/index.php?rest_route=\/wp\/v2\/product"}],"about":[{"href":"http:\/\/www.kutupsogutma.net\/index.php?rest_route=\/wp\/v2\/types\/product"}],"replies":[{"embeddable":true,"href":"http:\/\/www.kutupsogutma.net\/index.php?rest_route=%2Fwp%2Fv2%2Fcomments&post=1211"}],"wp:featuredmedia":[{"embeddable":true,"href":"http:\/\/www.kutupsogutma.net\/index.php?rest_route=\/wp\/v2\/media\/1212"}],"wp:attachment":[{"href":"http:\/\/www.kutupsogutma.net\/index.php?rest_route=%2Fwp%2Fv2%2Fmedia&parent=1211"}],"wp:term":[{"taxonomy":"product_cat","embeddable":true,"href":"http:\/\/www.kutupsogutma.net\/index.php?rest_route=%2Fwp%2Fv2%2Fproduct_cat&post=1211"},{"taxonomy":"product_tag","embeddable":true,"href":"http:\/\/www.kutupsogutma.net\/index.php?rest_route=%2Fwp%2Fv2%2Fproduct_tag&post=1211"}],"curies":[{"name":"wp","href":"https:\/\/api.w.org\/{rel}","templated":true}]}}