{"id":1209,"date":"2021-05-03T15:29:49","date_gmt":"2021-05-03T12:29:49","guid":{"rendered":"http:\/\/www.kutupsogutma.net\/?post_type=product&#038;p=1209"},"modified":"2021-05-03T15:30:48","modified_gmt":"2021-05-03T12:30:48","slug":"ocak-bek-sapka-emaye-duz-takim-frn8000","status":"publish","type":"product","link":"http:\/\/www.kutupsogutma.net\/?product=ocak-bek-sapka-emaye-duz-takim-frn8000","title":{"rendered":"OCAK BEK \u015eAPKA EMAYE D\u00dcZ TAKIM FRN8000"},"content":{"rendered":"<p>OCAK BEK \u015eAPKA EMAYE D\u00dcZ TAKIM FRN8000<\/p>\n","protected":false},"excerpt":{"rendered":"<p>OCAK BEK \u015eAPKA EMAYE D\u00dcZ TAKIM FRN8000<\/p>\n","protected":false},"featured_media":1210,"comment_status":"open","ping_status":"closed","template":"","meta":[],"product_cat":[90,22],"product_tag":[1334],"_links":{"self":[{"href":"http:\/\/www.kutupsogutma.net\/index.php?rest_route=\/wp\/v2\/product\/1209"}],"collection":[{"href":"http:\/\/www.kutupsogutma.net\/index.php?rest_route=\/wp\/v2\/product"}],"about":[{"href":"http:\/\/www.kutupsogutma.net\/index.php?rest_route=\/wp\/v2\/types\/product"}],"replies":[{"embeddable":true,"href":"http:\/\/www.kutupsogutma.net\/index.php?rest_route=%2Fwp%2Fv2%2Fcomments&post=1209"}],"wp:featuredmedia":[{"embeddable":true,"href":"http:\/\/www.kutupsogutma.net\/index.php?rest_route=\/wp\/v2\/media\/1210"}],"wp:attachment":[{"href":"http:\/\/www.kutupsogutma.net\/index.php?rest_route=%2Fwp%2Fv2%2Fmedia&parent=1209"}],"wp:term":[{"taxonomy":"product_cat","embeddable":true,"href":"http:\/\/www.kutupsogutma.net\/index.php?rest_route=%2Fwp%2Fv2%2Fproduct_cat&post=1209"},{"taxonomy":"product_tag","embeddable":true,"href":"http:\/\/www.kutupsogutma.net\/index.php?rest_route=%2Fwp%2Fv2%2Fproduct_tag&post=1209"}],"curies":[{"name":"wp","href":"https:\/\/api.w.org\/{rel}","templated":true}]}}