{"id":1205,"date":"2021-05-03T15:27:51","date_gmt":"2021-05-03T12:27:51","guid":{"rendered":"http:\/\/www.kutupsogutma.net\/?post_type=product&#038;p=1205"},"modified":"2021-05-03T15:28:43","modified_gmt":"2021-05-03T12:28:43","slug":"mini-firin-salter-iki-kademe-uzun-frn7004","status":"publish","type":"product","link":"http:\/\/www.kutupsogutma.net\/?product=mini-firin-salter-iki-kademe-uzun-frn7004","title":{"rendered":"M\u0130N\u0130 FIRIN \u015eALTER \u0130K\u0130 KADEME UZUN FRN7004"},"content":{"rendered":"<p>M\u0130N\u0130 FIRIN \u015eALTER \u0130K\u0130 KADEME UZUN FRN7004<\/p>\n","protected":false},"excerpt":{"rendered":"<p>M\u0130N\u0130 FIRIN \u015eALTER \u0130K\u0130 KADEME UZUN FRN7004<\/p>\n","protected":false},"featured_media":1206,"comment_status":"open","ping_status":"closed","template":"","meta":[],"product_cat":[89,22],"product_tag":[1332],"_links":{"self":[{"href":"http:\/\/www.kutupsogutma.net\/index.php?rest_route=\/wp\/v2\/product\/1205"}],"collection":[{"href":"http:\/\/www.kutupsogutma.net\/index.php?rest_route=\/wp\/v2\/product"}],"about":[{"href":"http:\/\/www.kutupsogutma.net\/index.php?rest_route=\/wp\/v2\/types\/product"}],"replies":[{"embeddable":true,"href":"http:\/\/www.kutupsogutma.net\/index.php?rest_route=%2Fwp%2Fv2%2Fcomments&post=1205"}],"wp:featuredmedia":[{"embeddable":true,"href":"http:\/\/www.kutupsogutma.net\/index.php?rest_route=\/wp\/v2\/media\/1206"}],"wp:attachment":[{"href":"http:\/\/www.kutupsogutma.net\/index.php?rest_route=%2Fwp%2Fv2%2Fmedia&parent=1205"}],"wp:term":[{"taxonomy":"product_cat","embeddable":true,"href":"http:\/\/www.kutupsogutma.net\/index.php?rest_route=%2Fwp%2Fv2%2Fproduct_cat&post=1205"},{"taxonomy":"product_tag","embeddable":true,"href":"http:\/\/www.kutupsogutma.net\/index.php?rest_route=%2Fwp%2Fv2%2Fproduct_tag&post=1205"}],"curies":[{"name":"wp","href":"https:\/\/api.w.org\/{rel}","templated":true}]}}