{"id":1203,"date":"2021-05-03T15:26:56","date_gmt":"2021-05-03T12:26:56","guid":{"rendered":"http:\/\/www.kutupsogutma.net\/?post_type=product&#038;p=1203"},"modified":"2021-05-03T15:27:45","modified_gmt":"2021-05-03T12:27:45","slug":"mini-firin-salter-neon-lamba-gozu-seffaf-frn7003","status":"publish","type":"product","link":"http:\/\/www.kutupsogutma.net\/?product=mini-firin-salter-neon-lamba-gozu-seffaf-frn7003","title":{"rendered":"M\u0130N\u0130 FIRIN \u015eALTER NEON LAMBA G\u00d6Z\u00dc \u015eEFFAF FRN7003"},"content":{"rendered":"<p>M\u0130N\u0130 FIRIN \u015eALTER NEON LAMBA G\u00d6Z\u00dc \u015eEFFAF FRN7003<\/p>\n","protected":false},"excerpt":{"rendered":"<p>M\u0130N\u0130 FIRIN \u015eALTER NEON LAMBA G\u00d6Z\u00dc \u015eEFFAF FRN7003<\/p>\n","protected":false},"featured_media":1204,"comment_status":"open","ping_status":"closed","template":"","meta":[],"product_cat":[89,22],"product_tag":[1331],"_links":{"self":[{"href":"http:\/\/www.kutupsogutma.net\/index.php?rest_route=\/wp\/v2\/product\/1203"}],"collection":[{"href":"http:\/\/www.kutupsogutma.net\/index.php?rest_route=\/wp\/v2\/product"}],"about":[{"href":"http:\/\/www.kutupsogutma.net\/index.php?rest_route=\/wp\/v2\/types\/product"}],"replies":[{"embeddable":true,"href":"http:\/\/www.kutupsogutma.net\/index.php?rest_route=%2Fwp%2Fv2%2Fcomments&post=1203"}],"wp:featuredmedia":[{"embeddable":true,"href":"http:\/\/www.kutupsogutma.net\/index.php?rest_route=\/wp\/v2\/media\/1204"}],"wp:attachment":[{"href":"http:\/\/www.kutupsogutma.net\/index.php?rest_route=%2Fwp%2Fv2%2Fmedia&parent=1203"}],"wp:term":[{"taxonomy":"product_cat","embeddable":true,"href":"http:\/\/www.kutupsogutma.net\/index.php?rest_route=%2Fwp%2Fv2%2Fproduct_cat&post=1203"},{"taxonomy":"product_tag","embeddable":true,"href":"http:\/\/www.kutupsogutma.net\/index.php?rest_route=%2Fwp%2Fv2%2Fproduct_tag&post=1203"}],"curies":[{"name":"wp","href":"https:\/\/api.w.org\/{rel}","templated":true}]}}