{"id":1201,"date":"2021-05-03T15:25:26","date_gmt":"2021-05-03T12:25:26","guid":{"rendered":"http:\/\/www.kutupsogutma.net\/?post_type=product&#038;p=1201"},"modified":"2021-05-03T15:26:48","modified_gmt":"2021-05-03T12:26:48","slug":"firin-salter-neon-lamba-gozu-turuncu-frn7006","status":"publish","type":"product","link":"http:\/\/www.kutupsogutma.net\/?product=firin-salter-neon-lamba-gozu-turuncu-frn7006","title":{"rendered":"FIRIN \u015eALTER NEON LAMBA G\u00d6Z\u00dc TURUNCU FRN7006"},"content":{"rendered":"<p>FIRIN \u015eALTER NEON LAMBA G\u00d6Z\u00dc TURUNCU FRN7006<\/p>\n","protected":false},"excerpt":{"rendered":"<p>FIRIN \u015eALTER NEON LAMBA G\u00d6Z\u00dc TURUNCU FRN7006<\/p>\n","protected":false},"featured_media":1202,"comment_status":"open","ping_status":"closed","template":"","meta":[],"product_cat":[89,22],"product_tag":[1330],"_links":{"self":[{"href":"http:\/\/www.kutupsogutma.net\/index.php?rest_route=\/wp\/v2\/product\/1201"}],"collection":[{"href":"http:\/\/www.kutupsogutma.net\/index.php?rest_route=\/wp\/v2\/product"}],"about":[{"href":"http:\/\/www.kutupsogutma.net\/index.php?rest_route=\/wp\/v2\/types\/product"}],"replies":[{"embeddable":true,"href":"http:\/\/www.kutupsogutma.net\/index.php?rest_route=%2Fwp%2Fv2%2Fcomments&post=1201"}],"wp:featuredmedia":[{"embeddable":true,"href":"http:\/\/www.kutupsogutma.net\/index.php?rest_route=\/wp\/v2\/media\/1202"}],"wp:attachment":[{"href":"http:\/\/www.kutupsogutma.net\/index.php?rest_route=%2Fwp%2Fv2%2Fmedia&parent=1201"}],"wp:term":[{"taxonomy":"product_cat","embeddable":true,"href":"http:\/\/www.kutupsogutma.net\/index.php?rest_route=%2Fwp%2Fv2%2Fproduct_cat&post=1201"},{"taxonomy":"product_tag","embeddable":true,"href":"http:\/\/www.kutupsogutma.net\/index.php?rest_route=%2Fwp%2Fv2%2Fproduct_tag&post=1201"}],"curies":[{"name":"wp","href":"https:\/\/api.w.org\/{rel}","templated":true}]}}