{"id":1195,"date":"2021-05-03T15:18:19","date_gmt":"2021-05-03T12:18:19","guid":{"rendered":"http:\/\/www.kutupsogutma.net\/?post_type=product&#038;p=1195"},"modified":"2021-05-03T15:19:54","modified_gmt":"2021-05-03T12:19:54","slug":"firin-salter-neon-lamba-gozu-soketli-kirmizi-frn7000","status":"publish","type":"product","link":"http:\/\/www.kutupsogutma.net\/?product=firin-salter-neon-lamba-gozu-soketli-kirmizi-frn7000","title":{"rendered":"FIRIN \u015eALTER NEON LAMBA G\u00d6Z\u00dc SOKETL\u0130 KIRMIZI FRN7000"},"content":{"rendered":"<p>FIRIN \u015eALTER NEON LAMBA G\u00d6Z\u00dc SOKETL\u0130 KIRMIZI FRN7000<\/p>\n","protected":false},"excerpt":{"rendered":"<p>FIRIN \u015eALTER NEON LAMBA G\u00d6Z\u00dc SOKETL\u0130 KIRMIZI FRN7000<\/p>\n","protected":false},"featured_media":1196,"comment_status":"open","ping_status":"closed","template":"","meta":[],"product_cat":[89,22],"product_tag":[1326,1327],"_links":{"self":[{"href":"http:\/\/www.kutupsogutma.net\/index.php?rest_route=\/wp\/v2\/product\/1195"}],"collection":[{"href":"http:\/\/www.kutupsogutma.net\/index.php?rest_route=\/wp\/v2\/product"}],"about":[{"href":"http:\/\/www.kutupsogutma.net\/index.php?rest_route=\/wp\/v2\/types\/product"}],"replies":[{"embeddable":true,"href":"http:\/\/www.kutupsogutma.net\/index.php?rest_route=%2Fwp%2Fv2%2Fcomments&post=1195"}],"wp:featuredmedia":[{"embeddable":true,"href":"http:\/\/www.kutupsogutma.net\/index.php?rest_route=\/wp\/v2\/media\/1196"}],"wp:attachment":[{"href":"http:\/\/www.kutupsogutma.net\/index.php?rest_route=%2Fwp%2Fv2%2Fmedia&parent=1195"}],"wp:term":[{"taxonomy":"product_cat","embeddable":true,"href":"http:\/\/www.kutupsogutma.net\/index.php?rest_route=%2Fwp%2Fv2%2Fproduct_cat&post=1195"},{"taxonomy":"product_tag","embeddable":true,"href":"http:\/\/www.kutupsogutma.net\/index.php?rest_route=%2Fwp%2Fv2%2Fproduct_tag&post=1195"}],"curies":[{"name":"wp","href":"https:\/\/api.w.org\/{rel}","templated":true}]}}