{"id":1187,"date":"2021-05-03T15:11:43","date_gmt":"2021-05-03T12:11:43","guid":{"rendered":"http:\/\/www.kutupsogutma.net\/?post_type=product&#038;p=1187"},"modified":"2021-05-03T15:13:23","modified_gmt":"2021-05-03T12:13:23","slug":"firin-komutator-8-yollu-universal-frn6000","status":"publish","type":"product","link":"http:\/\/www.kutupsogutma.net\/?product=firin-komutator-8-yollu-universal-frn6000","title":{"rendered":"FIRIN KOM\u00dcTAT\u00d6R 8 YOLLU UNIVERSAL FRN6000"},"content":{"rendered":"<p>FIRIN KOM\u00dcTAT\u00d6R 8 YOLLU UNIVERSAL FRN6000<\/p>\n","protected":false},"excerpt":{"rendered":"<p>FIRIN KOM\u00dcTAT\u00d6R 8 YOLLU UNIVERSAL FRN6000<\/p>\n","protected":false},"featured_media":1188,"comment_status":"open","ping_status":"closed","template":"","meta":[],"product_cat":[88,22],"product_tag":[1320,1319],"_links":{"self":[{"href":"http:\/\/www.kutupsogutma.net\/index.php?rest_route=\/wp\/v2\/product\/1187"}],"collection":[{"href":"http:\/\/www.kutupsogutma.net\/index.php?rest_route=\/wp\/v2\/product"}],"about":[{"href":"http:\/\/www.kutupsogutma.net\/index.php?rest_route=\/wp\/v2\/types\/product"}],"replies":[{"embeddable":true,"href":"http:\/\/www.kutupsogutma.net\/index.php?rest_route=%2Fwp%2Fv2%2Fcomments&post=1187"}],"wp:featuredmedia":[{"embeddable":true,"href":"http:\/\/www.kutupsogutma.net\/index.php?rest_route=\/wp\/v2\/media\/1188"}],"wp:attachment":[{"href":"http:\/\/www.kutupsogutma.net\/index.php?rest_route=%2Fwp%2Fv2%2Fmedia&parent=1187"}],"wp:term":[{"taxonomy":"product_cat","embeddable":true,"href":"http:\/\/www.kutupsogutma.net\/index.php?rest_route=%2Fwp%2Fv2%2Fproduct_cat&post=1187"},{"taxonomy":"product_tag","embeddable":true,"href":"http:\/\/www.kutupsogutma.net\/index.php?rest_route=%2Fwp%2Fv2%2Fproduct_tag&post=1187"}],"curies":[{"name":"wp","href":"https:\/\/api.w.org\/{rel}","templated":true}]}}