{"id":1178,"date":"2021-05-03T15:06:14","date_gmt":"2021-05-03T12:06:14","guid":{"rendered":"http:\/\/www.kutupsogutma.net\/?post_type=product&#038;p=1178"},"modified":"2021-05-03T15:07:35","modified_gmt":"2021-05-03T12:07:35","slug":"enjektor-meme-m5-dogalgaz-frn5019","status":"publish","type":"product","link":"http:\/\/www.kutupsogutma.net\/?product=enjektor-meme-m5-dogalgaz-frn5019","title":{"rendered":"ENJEKT\u00d6R MEME M5 DO\u011eALGAZ FRN5019"},"content":{"rendered":"<p>ENJEKT\u00d6R MEME M5 DO\u011eALGAZ FRN5019<\/p>\n","protected":false},"excerpt":{"rendered":"<p>ENJEKT\u00d6R MEME M5 DO\u011eALGAZ FRN5019<\/p>\n","protected":false},"featured_media":1179,"comment_status":"open","ping_status":"closed","template":"","meta":[],"product_cat":[87,22],"product_tag":[1313,1314],"_links":{"self":[{"href":"http:\/\/www.kutupsogutma.net\/index.php?rest_route=\/wp\/v2\/product\/1178"}],"collection":[{"href":"http:\/\/www.kutupsogutma.net\/index.php?rest_route=\/wp\/v2\/product"}],"about":[{"href":"http:\/\/www.kutupsogutma.net\/index.php?rest_route=\/wp\/v2\/types\/product"}],"replies":[{"embeddable":true,"href":"http:\/\/www.kutupsogutma.net\/index.php?rest_route=%2Fwp%2Fv2%2Fcomments&post=1178"}],"wp:featuredmedia":[{"embeddable":true,"href":"http:\/\/www.kutupsogutma.net\/index.php?rest_route=\/wp\/v2\/media\/1179"}],"wp:attachment":[{"href":"http:\/\/www.kutupsogutma.net\/index.php?rest_route=%2Fwp%2Fv2%2Fmedia&parent=1178"}],"wp:term":[{"taxonomy":"product_cat","embeddable":true,"href":"http:\/\/www.kutupsogutma.net\/index.php?rest_route=%2Fwp%2Fv2%2Fproduct_cat&post=1178"},{"taxonomy":"product_tag","embeddable":true,"href":"http:\/\/www.kutupsogutma.net\/index.php?rest_route=%2Fwp%2Fv2%2Fproduct_tag&post=1178"}],"curies":[{"name":"wp","href":"https:\/\/api.w.org\/{rel}","templated":true}]}}