{"id":1170,"date":"2021-05-03T14:58:11","date_gmt":"2021-05-03T11:58:11","guid":{"rendered":"http:\/\/www.kutupsogutma.net\/?post_type=product&#038;p=1170"},"modified":"2021-05-03T14:59:26","modified_gmt":"2021-05-03T11:59:26","slug":"enjektor-meme-baymak-dogalgaz-kombi-frn5015","status":"publish","type":"product","link":"http:\/\/www.kutupsogutma.net\/?product=enjektor-meme-baymak-dogalgaz-kombi-frn5015","title":{"rendered":"ENJEKT\u00d6R MEME BAYMAK DO\u011eALGAZ KOMB\u0130 FRN5015"},"content":{"rendered":"<p>ENJEKT\u00d6R MEME BAYMAK DO\u011eALGAZ KOMB\u0130 FRN5015<\/p>\n","protected":false},"excerpt":{"rendered":"<p>ENJEKT\u00d6R MEME BAYMAK DO\u011eALGAZ KOMB\u0130 FRN5015<\/p>\n","protected":false},"featured_media":1171,"comment_status":"open","ping_status":"closed","template":"","meta":[],"product_cat":[87,22],"product_tag":[1307,1306],"_links":{"self":[{"href":"http:\/\/www.kutupsogutma.net\/index.php?rest_route=\/wp\/v2\/product\/1170"}],"collection":[{"href":"http:\/\/www.kutupsogutma.net\/index.php?rest_route=\/wp\/v2\/product"}],"about":[{"href":"http:\/\/www.kutupsogutma.net\/index.php?rest_route=\/wp\/v2\/types\/product"}],"replies":[{"embeddable":true,"href":"http:\/\/www.kutupsogutma.net\/index.php?rest_route=%2Fwp%2Fv2%2Fcomments&post=1170"}],"wp:featuredmedia":[{"embeddable":true,"href":"http:\/\/www.kutupsogutma.net\/index.php?rest_route=\/wp\/v2\/media\/1171"}],"wp:attachment":[{"href":"http:\/\/www.kutupsogutma.net\/index.php?rest_route=%2Fwp%2Fv2%2Fmedia&parent=1170"}],"wp:term":[{"taxonomy":"product_cat","embeddable":true,"href":"http:\/\/www.kutupsogutma.net\/index.php?rest_route=%2Fwp%2Fv2%2Fproduct_cat&post=1170"},{"taxonomy":"product_tag","embeddable":true,"href":"http:\/\/www.kutupsogutma.net\/index.php?rest_route=%2Fwp%2Fv2%2Fproduct_tag&post=1170"}],"curies":[{"name":"wp","href":"https:\/\/api.w.org\/{rel}","templated":true}]}}