{"id":1166,"date":"2021-05-03T14:55:43","date_gmt":"2021-05-03T11:55:43","guid":{"rendered":"http:\/\/www.kutupsogutma.net\/?post_type=product&#038;p=1166"},"modified":"2021-05-03T14:56:45","modified_gmt":"2021-05-03T11:56:45","slug":"enjektor-meme-arcelik-dogalgaz-frn5013","status":"publish","type":"product","link":"http:\/\/www.kutupsogutma.net\/?product=enjektor-meme-arcelik-dogalgaz-frn5013","title":{"rendered":"ENJEKT\u00d6R MEME AR\u00c7EL\u0130K DO\u011eALGAZ FRN5013"},"content":{"rendered":"<p>ENJEKT\u00d6R MEME AR\u00c7EL\u0130K DO\u011eALGAZ FRN5013<\/p>\n","protected":false},"excerpt":{"rendered":"<p>ENJEKT\u00d6R MEME AR\u00c7EL\u0130K DO\u011eALGAZ FRN5013<\/p>\n","protected":false},"featured_media":1167,"comment_status":"open","ping_status":"closed","template":"","meta":[],"product_cat":[87,22],"product_tag":[1303,1302],"_links":{"self":[{"href":"http:\/\/www.kutupsogutma.net\/index.php?rest_route=\/wp\/v2\/product\/1166"}],"collection":[{"href":"http:\/\/www.kutupsogutma.net\/index.php?rest_route=\/wp\/v2\/product"}],"about":[{"href":"http:\/\/www.kutupsogutma.net\/index.php?rest_route=\/wp\/v2\/types\/product"}],"replies":[{"embeddable":true,"href":"http:\/\/www.kutupsogutma.net\/index.php?rest_route=%2Fwp%2Fv2%2Fcomments&post=1166"}],"wp:featuredmedia":[{"embeddable":true,"href":"http:\/\/www.kutupsogutma.net\/index.php?rest_route=\/wp\/v2\/media\/1167"}],"wp:attachment":[{"href":"http:\/\/www.kutupsogutma.net\/index.php?rest_route=%2Fwp%2Fv2%2Fmedia&parent=1166"}],"wp:term":[{"taxonomy":"product_cat","embeddable":true,"href":"http:\/\/www.kutupsogutma.net\/index.php?rest_route=%2Fwp%2Fv2%2Fproduct_cat&post=1166"},{"taxonomy":"product_tag","embeddable":true,"href":"http:\/\/www.kutupsogutma.net\/index.php?rest_route=%2Fwp%2Fv2%2Fproduct_tag&post=1166"}],"curies":[{"name":"wp","href":"https:\/\/api.w.org\/{rel}","templated":true}]}}