{"id":1160,"date":"2021-05-03T14:51:35","date_gmt":"2021-05-03T11:51:35","guid":{"rendered":"http:\/\/www.kutupsogutma.net\/?post_type=product&#038;p=1160"},"modified":"2021-05-03T14:52:42","modified_gmt":"2021-05-03T11:52:42","slug":"enjektor-meme-auer-dogalgaz-5-li-frn5010","status":"publish","type":"product","link":"http:\/\/www.kutupsogutma.net\/?product=enjektor-meme-auer-dogalgaz-5-li-frn5010","title":{"rendered":"ENJEKT\u00d6R MEME AUER DO\u011eALGAZ 5 L\u0130 FRN5010"},"content":{"rendered":"<p>ENJEKT\u00d6R MEME AUER DO\u011eALGAZ 5 L\u0130 FRN5010<\/p>\n","protected":false},"excerpt":{"rendered":"<p>ENJEKT\u00d6R MEME AUER DO\u011eALGAZ 5 L\u0130 FRN5010<\/p>\n","protected":false},"featured_media":1161,"comment_status":"open","ping_status":"closed","template":"","meta":[],"product_cat":[87,22],"product_tag":[1296,1295],"_links":{"self":[{"href":"http:\/\/www.kutupsogutma.net\/index.php?rest_route=\/wp\/v2\/product\/1160"}],"collection":[{"href":"http:\/\/www.kutupsogutma.net\/index.php?rest_route=\/wp\/v2\/product"}],"about":[{"href":"http:\/\/www.kutupsogutma.net\/index.php?rest_route=\/wp\/v2\/types\/product"}],"replies":[{"embeddable":true,"href":"http:\/\/www.kutupsogutma.net\/index.php?rest_route=%2Fwp%2Fv2%2Fcomments&post=1160"}],"wp:featuredmedia":[{"embeddable":true,"href":"http:\/\/www.kutupsogutma.net\/index.php?rest_route=\/wp\/v2\/media\/1161"}],"wp:attachment":[{"href":"http:\/\/www.kutupsogutma.net\/index.php?rest_route=%2Fwp%2Fv2%2Fmedia&parent=1160"}],"wp:term":[{"taxonomy":"product_cat","embeddable":true,"href":"http:\/\/www.kutupsogutma.net\/index.php?rest_route=%2Fwp%2Fv2%2Fproduct_cat&post=1160"},{"taxonomy":"product_tag","embeddable":true,"href":"http:\/\/www.kutupsogutma.net\/index.php?rest_route=%2Fwp%2Fv2%2Fproduct_tag&post=1160"}],"curies":[{"name":"wp","href":"https:\/\/api.w.org\/{rel}","templated":true}]}}