{"id":1158,"date":"2021-05-03T14:50:19","date_gmt":"2021-05-03T11:50:19","guid":{"rendered":"http:\/\/www.kutupsogutma.net\/?post_type=product&#038;p=1158"},"modified":"2021-05-03T14:51:30","modified_gmt":"2021-05-03T11:51:30","slug":"enjektor-meme-auer-sofben-dogalgaz-12-li-frn5009","status":"publish","type":"product","link":"http:\/\/www.kutupsogutma.net\/?product=enjektor-meme-auer-sofben-dogalgaz-12-li-frn5009","title":{"rendered":"ENJEKT\u00d6R MEME AUER \u015eOFBEN DO\u011eALGAZ 12 L\u0130 FRN5009"},"content":{"rendered":"<p>ENJEKT\u00d6R MEME AUER \u015eOFBEN DO\u011eALGAZ 12 L\u0130 FRN5009<\/p>\n","protected":false},"excerpt":{"rendered":"<p>ENJEKT\u00d6R MEME AUER \u015eOFBEN DO\u011eALGAZ 12 L\u0130 FRN5009<\/p>\n","protected":false},"featured_media":1159,"comment_status":"open","ping_status":"closed","template":"","meta":[],"product_cat":[87,22],"product_tag":[1294,1293],"_links":{"self":[{"href":"http:\/\/www.kutupsogutma.net\/index.php?rest_route=\/wp\/v2\/product\/1158"}],"collection":[{"href":"http:\/\/www.kutupsogutma.net\/index.php?rest_route=\/wp\/v2\/product"}],"about":[{"href":"http:\/\/www.kutupsogutma.net\/index.php?rest_route=\/wp\/v2\/types\/product"}],"replies":[{"embeddable":true,"href":"http:\/\/www.kutupsogutma.net\/index.php?rest_route=%2Fwp%2Fv2%2Fcomments&post=1158"}],"wp:featuredmedia":[{"embeddable":true,"href":"http:\/\/www.kutupsogutma.net\/index.php?rest_route=\/wp\/v2\/media\/1159"}],"wp:attachment":[{"href":"http:\/\/www.kutupsogutma.net\/index.php?rest_route=%2Fwp%2Fv2%2Fmedia&parent=1158"}],"wp:term":[{"taxonomy":"product_cat","embeddable":true,"href":"http:\/\/www.kutupsogutma.net\/index.php?rest_route=%2Fwp%2Fv2%2Fproduct_cat&post=1158"},{"taxonomy":"product_tag","embeddable":true,"href":"http:\/\/www.kutupsogutma.net\/index.php?rest_route=%2Fwp%2Fv2%2Fproduct_tag&post=1158"}],"curies":[{"name":"wp","href":"https:\/\/api.w.org\/{rel}","templated":true}]}}