{"id":1156,"date":"2021-05-03T14:48:36","date_gmt":"2021-05-03T11:48:36","guid":{"rendered":"http:\/\/www.kutupsogutma.net\/?post_type=product&#038;p=1156"},"modified":"2021-05-03T14:50:13","modified_gmt":"2021-05-03T11:50:13","slug":"enjektor-meme-demirdokum-sofben-dogalgaz-12-li-frn5008","status":"publish","type":"product","link":"http:\/\/www.kutupsogutma.net\/?product=enjektor-meme-demirdokum-sofben-dogalgaz-12-li-frn5008","title":{"rendered":"ENJEKT\u00d6R MEME DEM\u0130RD\u00d6K\u00dcM \u015eOFBEN DO\u011eALGAZ 12 L\u0130 FRN5008"},"content":{"rendered":"<p>ENJEKT\u00d6R MEME DEM\u0130RD\u00d6K\u00dcM \u015eOFBEN DO\u011eALGAZ 12 L\u0130 FRN5008<\/p>\n","protected":false},"excerpt":{"rendered":"<p>ENJEKT\u00d6R MEME DEM\u0130RD\u00d6K\u00dcM \u015eOFBEN DO\u011eALGAZ 12 L\u0130 FRN5008<\/p>\n","protected":false},"featured_media":1157,"comment_status":"open","ping_status":"closed","template":"","meta":[],"product_cat":[87,22],"product_tag":[1292,1288],"_links":{"self":[{"href":"http:\/\/www.kutupsogutma.net\/index.php?rest_route=\/wp\/v2\/product\/1156"}],"collection":[{"href":"http:\/\/www.kutupsogutma.net\/index.php?rest_route=\/wp\/v2\/product"}],"about":[{"href":"http:\/\/www.kutupsogutma.net\/index.php?rest_route=\/wp\/v2\/types\/product"}],"replies":[{"embeddable":true,"href":"http:\/\/www.kutupsogutma.net\/index.php?rest_route=%2Fwp%2Fv2%2Fcomments&post=1156"}],"wp:featuredmedia":[{"embeddable":true,"href":"http:\/\/www.kutupsogutma.net\/index.php?rest_route=\/wp\/v2\/media\/1157"}],"wp:attachment":[{"href":"http:\/\/www.kutupsogutma.net\/index.php?rest_route=%2Fwp%2Fv2%2Fmedia&parent=1156"}],"wp:term":[{"taxonomy":"product_cat","embeddable":true,"href":"http:\/\/www.kutupsogutma.net\/index.php?rest_route=%2Fwp%2Fv2%2Fproduct_cat&post=1156"},{"taxonomy":"product_tag","embeddable":true,"href":"http:\/\/www.kutupsogutma.net\/index.php?rest_route=%2Fwp%2Fv2%2Fproduct_tag&post=1156"}],"curies":[{"name":"wp","href":"https:\/\/api.w.org\/{rel}","templated":true}]}}