{"id":1150,"date":"2021-05-03T14:44:18","date_gmt":"2021-05-03T11:44:18","guid":{"rendered":"http:\/\/www.kutupsogutma.net\/?post_type=product&#038;p=1150"},"modified":"2021-05-03T14:45:29","modified_gmt":"2021-05-03T11:45:29","slug":"enjektor-meme-piyasa-m-45-lpg-frn5005","status":"publish","type":"product","link":"http:\/\/www.kutupsogutma.net\/?product=enjektor-meme-piyasa-m-45-lpg-frn5005","title":{"rendered":"ENJEKT\u00d6R MEME P\u0130YASA M 4,5 LPG FRN5005"},"content":{"rendered":"<p>ENJEKT\u00d6R MEME P\u0130YASA M 4,5 LPG FRN5005<\/p>\n","protected":false},"excerpt":{"rendered":"<p>ENJEKT\u00d6R MEME P\u0130YASA M 4,5 LPG FRN5005<\/p>\n","protected":false},"featured_media":1151,"comment_status":"open","ping_status":"closed","template":"","meta":[],"product_cat":[87,22],"product_tag":[1286,1287],"_links":{"self":[{"href":"http:\/\/www.kutupsogutma.net\/index.php?rest_route=\/wp\/v2\/product\/1150"}],"collection":[{"href":"http:\/\/www.kutupsogutma.net\/index.php?rest_route=\/wp\/v2\/product"}],"about":[{"href":"http:\/\/www.kutupsogutma.net\/index.php?rest_route=\/wp\/v2\/types\/product"}],"replies":[{"embeddable":true,"href":"http:\/\/www.kutupsogutma.net\/index.php?rest_route=%2Fwp%2Fv2%2Fcomments&post=1150"}],"wp:featuredmedia":[{"embeddable":true,"href":"http:\/\/www.kutupsogutma.net\/index.php?rest_route=\/wp\/v2\/media\/1151"}],"wp:attachment":[{"href":"http:\/\/www.kutupsogutma.net\/index.php?rest_route=%2Fwp%2Fv2%2Fmedia&parent=1150"}],"wp:term":[{"taxonomy":"product_cat","embeddable":true,"href":"http:\/\/www.kutupsogutma.net\/index.php?rest_route=%2Fwp%2Fv2%2Fproduct_cat&post=1150"},{"taxonomy":"product_tag","embeddable":true,"href":"http:\/\/www.kutupsogutma.net\/index.php?rest_route=%2Fwp%2Fv2%2Fproduct_tag&post=1150"}],"curies":[{"name":"wp","href":"https:\/\/api.w.org\/{rel}","templated":true}]}}