{"id":115,"date":"2021-04-26T21:07:27","date_gmt":"2021-04-26T18:07:27","guid":{"rendered":"http:\/\/www.kutupsogutma.net\/?post_type=product&#038;p=115"},"modified":"2021-04-26T21:07:27","modified_gmt":"2021-04-26T18:07:27","slug":"buzdolabi-termostat-ranco-k54-1168-derin-dondurucu-dondurma-dipfriz-bzd6002","status":"publish","type":"product","link":"http:\/\/www.kutupsogutma.net\/?product=buzdolabi-termostat-ranco-k54-1168-derin-dondurucu-dondurma-dipfriz-bzd6002","title":{"rendered":"BUZDOLABI TERMOSTAT RANCO K54 1168 DER\u0130N DONDURUCU DONDURMA D\u0130PFR\u0130Z BZD6002"},"content":{"rendered":"<p><span style=\"vertical-align: inherit;\"><span style=\"vertical-align: inherit;\">BUZDOLABI TERMOSTAT RANCO K54 1168 DER\u0130N DONDURUCU DONDURMA D\u0130PFR\u0130Z BZD6002<\/span><\/span><\/p>\n<p><span style=\"vertical-align: inherit;\"><span style=\"vertical-align: inherit;\">MARKA: RANCO<\/span><\/span><\/p>\n<p><span style=\"vertical-align: inherit;\"><span style=\"vertical-align: inherit;\">MODEL: K54 1168<\/span><\/span><\/p>\n","protected":false},"excerpt":{"rendered":"<p>BUZDOLABI TERMOSTAT RANCO K54 1168 DER\u0130N DONDURUCU DONDURMA D\u0130PFR\u0130Z BZD6002 MARKA: RANCO MODEL: K54 1168<\/p>\n","protected":false},"featured_media":116,"comment_status":"open","ping_status":"closed","template":"","meta":[],"product_cat":[39,19],"product_tag":[],"_links":{"self":[{"href":"http:\/\/www.kutupsogutma.net\/index.php?rest_route=\/wp\/v2\/product\/115"}],"collection":[{"href":"http:\/\/www.kutupsogutma.net\/index.php?rest_route=\/wp\/v2\/product"}],"about":[{"href":"http:\/\/www.kutupsogutma.net\/index.php?rest_route=\/wp\/v2\/types\/product"}],"replies":[{"embeddable":true,"href":"http:\/\/www.kutupsogutma.net\/index.php?rest_route=%2Fwp%2Fv2%2Fcomments&post=115"}],"wp:featuredmedia":[{"embeddable":true,"href":"http:\/\/www.kutupsogutma.net\/index.php?rest_route=\/wp\/v2\/media\/116"}],"wp:attachment":[{"href":"http:\/\/www.kutupsogutma.net\/index.php?rest_route=%2Fwp%2Fv2%2Fmedia&parent=115"}],"wp:term":[{"taxonomy":"product_cat","embeddable":true,"href":"http:\/\/www.kutupsogutma.net\/index.php?rest_route=%2Fwp%2Fv2%2Fproduct_cat&post=115"},{"taxonomy":"product_tag","embeddable":true,"href":"http:\/\/www.kutupsogutma.net\/index.php?rest_route=%2Fwp%2Fv2%2Fproduct_tag&post=115"}],"curies":[{"name":"wp","href":"https:\/\/api.w.org\/{rel}","templated":true}]}}