{"id":1146,"date":"2021-05-03T14:24:57","date_gmt":"2021-05-03T11:24:57","guid":{"rendered":"http:\/\/www.kutupsogutma.net\/?post_type=product&#038;p=1146"},"modified":"2021-05-03T14:42:23","modified_gmt":"2021-05-03T11:42:23","slug":"enjektor-meme-bosch-siemens-profilo-aeg-lpg-7-lokma-frn5003","status":"publish","type":"product","link":"http:\/\/www.kutupsogutma.net\/?product=enjektor-meme-bosch-siemens-profilo-aeg-lpg-7-lokma-frn5003","title":{"rendered":"ENJEKT\u00d6R MEME BOSCH-SIEMENS-PROF\u0130LO-AEG LPG 7 LOKMA FRN5003"},"content":{"rendered":"<p>ENJEKT\u00d6R MEME BOSCH-SIEMENS-PROF\u0130LO-AEG LPG 7 LOKMA FRN5003<\/p>\n","protected":false},"excerpt":{"rendered":"<p>ENJEKT\u00d6R MEME BOSCH-SIEMENS-PROF\u0130LO-AEG LPG 7 LOKMA FRN5003<\/p>\n","protected":false},"featured_media":1147,"comment_status":"open","ping_status":"closed","template":"","meta":[],"product_cat":[87,22],"product_tag":[1283,1282],"_links":{"self":[{"href":"http:\/\/www.kutupsogutma.net\/index.php?rest_route=\/wp\/v2\/product\/1146"}],"collection":[{"href":"http:\/\/www.kutupsogutma.net\/index.php?rest_route=\/wp\/v2\/product"}],"about":[{"href":"http:\/\/www.kutupsogutma.net\/index.php?rest_route=\/wp\/v2\/types\/product"}],"replies":[{"embeddable":true,"href":"http:\/\/www.kutupsogutma.net\/index.php?rest_route=%2Fwp%2Fv2%2Fcomments&post=1146"}],"wp:featuredmedia":[{"embeddable":true,"href":"http:\/\/www.kutupsogutma.net\/index.php?rest_route=\/wp\/v2\/media\/1147"}],"wp:attachment":[{"href":"http:\/\/www.kutupsogutma.net\/index.php?rest_route=%2Fwp%2Fv2%2Fmedia&parent=1146"}],"wp:term":[{"taxonomy":"product_cat","embeddable":true,"href":"http:\/\/www.kutupsogutma.net\/index.php?rest_route=%2Fwp%2Fv2%2Fproduct_cat&post=1146"},{"taxonomy":"product_tag","embeddable":true,"href":"http:\/\/www.kutupsogutma.net\/index.php?rest_route=%2Fwp%2Fv2%2Fproduct_tag&post=1146"}],"curies":[{"name":"wp","href":"https:\/\/api.w.org\/{rel}","templated":true}]}}