{"id":1144,"date":"2021-05-03T14:22:37","date_gmt":"2021-05-03T11:22:37","guid":{"rendered":"http:\/\/www.kutupsogutma.net\/?post_type=product&#038;p=1144"},"modified":"2021-05-03T14:24:29","modified_gmt":"2021-05-03T11:24:29","slug":"enjektor-meme-bosch-siemens-profilo-aeg-dogalgaz-7-lokma-frn5002","status":"publish","type":"product","link":"http:\/\/www.kutupsogutma.net\/?product=enjektor-meme-bosch-siemens-profilo-aeg-dogalgaz-7-lokma-frn5002","title":{"rendered":"ENJEKT\u00d6R MEME BOSCH-SIEMENS-PROF\u0130LO-AEG DO\u011eALGAZ 7 LOKMA FRN5002"},"content":{"rendered":"<p>ENJEKT\u00d6R MEME BOSCH-SIEMENS-PROF\u0130LO-AEG DO\u011eALGAZ 7 LOKMA FRN5002<\/p>\n","protected":false},"excerpt":{"rendered":"<p>ENJEKT\u00d6R MEME BOSCH-SIEMENS-PROF\u0130LO-AEG DO\u011eALGAZ 7 LOKMA FRN5002<\/p>\n","protected":false},"featured_media":1145,"comment_status":"open","ping_status":"closed","template":"","meta":[],"product_cat":[87,22],"product_tag":[1281,1279,1278,1277,1280],"_links":{"self":[{"href":"http:\/\/www.kutupsogutma.net\/index.php?rest_route=\/wp\/v2\/product\/1144"}],"collection":[{"href":"http:\/\/www.kutupsogutma.net\/index.php?rest_route=\/wp\/v2\/product"}],"about":[{"href":"http:\/\/www.kutupsogutma.net\/index.php?rest_route=\/wp\/v2\/types\/product"}],"replies":[{"embeddable":true,"href":"http:\/\/www.kutupsogutma.net\/index.php?rest_route=%2Fwp%2Fv2%2Fcomments&post=1144"}],"wp:featuredmedia":[{"embeddable":true,"href":"http:\/\/www.kutupsogutma.net\/index.php?rest_route=\/wp\/v2\/media\/1145"}],"wp:attachment":[{"href":"http:\/\/www.kutupsogutma.net\/index.php?rest_route=%2Fwp%2Fv2%2Fmedia&parent=1144"}],"wp:term":[{"taxonomy":"product_cat","embeddable":true,"href":"http:\/\/www.kutupsogutma.net\/index.php?rest_route=%2Fwp%2Fv2%2Fproduct_cat&post=1144"},{"taxonomy":"product_tag","embeddable":true,"href":"http:\/\/www.kutupsogutma.net\/index.php?rest_route=%2Fwp%2Fv2%2Fproduct_tag&post=1144"}],"curies":[{"name":"wp","href":"https:\/\/api.w.org\/{rel}","templated":true}]}}