{"id":1142,"date":"2021-05-03T14:20:27","date_gmt":"2021-05-03T11:20:27","guid":{"rendered":"http:\/\/www.kutupsogutma.net\/?post_type=product&#038;p=1142"},"modified":"2021-05-03T14:22:06","modified_gmt":"2021-05-03T11:22:06","slug":"enjektor-meme-arcelik-lpg-9-lokma-frn5001","status":"publish","type":"product","link":"http:\/\/www.kutupsogutma.net\/?product=enjektor-meme-arcelik-lpg-9-lokma-frn5001","title":{"rendered":"ENJEKT\u00d6R MEME AR\u00c7EL\u0130K LPG 9 LOKMA FRN5001"},"content":{"rendered":"<p>ENJEKT\u00d6R MEME AR\u00c7EL\u0130K LPG 9 LOKMA FRN5001<\/p>\n","protected":false},"excerpt":{"rendered":"<p>ENJEKT\u00d6R MEME AR\u00c7EL\u0130K LPG 9 LOKMA FRN5001<\/p>\n","protected":false},"featured_media":1143,"comment_status":"open","ping_status":"closed","template":"","meta":[],"product_cat":[87,22],"product_tag":[1273,1275,1274,1276,1272],"_links":{"self":[{"href":"http:\/\/www.kutupsogutma.net\/index.php?rest_route=\/wp\/v2\/product\/1142"}],"collection":[{"href":"http:\/\/www.kutupsogutma.net\/index.php?rest_route=\/wp\/v2\/product"}],"about":[{"href":"http:\/\/www.kutupsogutma.net\/index.php?rest_route=\/wp\/v2\/types\/product"}],"replies":[{"embeddable":true,"href":"http:\/\/www.kutupsogutma.net\/index.php?rest_route=%2Fwp%2Fv2%2Fcomments&post=1142"}],"wp:featuredmedia":[{"embeddable":true,"href":"http:\/\/www.kutupsogutma.net\/index.php?rest_route=\/wp\/v2\/media\/1143"}],"wp:attachment":[{"href":"http:\/\/www.kutupsogutma.net\/index.php?rest_route=%2Fwp%2Fv2%2Fmedia&parent=1142"}],"wp:term":[{"taxonomy":"product_cat","embeddable":true,"href":"http:\/\/www.kutupsogutma.net\/index.php?rest_route=%2Fwp%2Fv2%2Fproduct_cat&post=1142"},{"taxonomy":"product_tag","embeddable":true,"href":"http:\/\/www.kutupsogutma.net\/index.php?rest_route=%2Fwp%2Fv2%2Fproduct_tag&post=1142"}],"curies":[{"name":"wp","href":"https:\/\/api.w.org\/{rel}","templated":true}]}}