{"id":1139,"date":"2021-05-03T14:18:41","date_gmt":"2021-05-03T11:18:41","guid":{"rendered":"http:\/\/www.kutupsogutma.net\/?post_type=product&#038;p=1139"},"modified":"2021-05-03T14:20:15","modified_gmt":"2021-05-03T11:20:15","slug":"enjektor-meme-arcelik-dogalgaz-9-lokma-frn5000","status":"publish","type":"product","link":"http:\/\/www.kutupsogutma.net\/?product=enjektor-meme-arcelik-dogalgaz-9-lokma-frn5000","title":{"rendered":"ENJEKT\u00d6R MEME AR\u00c7EL\u0130K DO\u011eALGAZ 9 LOKMA FRN5000"},"content":{"rendered":"<p>ENJEKT\u00d6R MEME AR\u00c7EL\u0130K DO\u011eALGAZ 9 LOKMA FRN5000<\/p>\n","protected":false},"excerpt":{"rendered":"<p>ENJEKT\u00d6R MEME AR\u00c7EL\u0130K DO\u011eALGAZ 9 LOKMA FRN5000<\/p>\n","protected":false},"featured_media":1141,"comment_status":"open","ping_status":"closed","template":"","meta":[],"product_cat":[87,22],"product_tag":[1270,1271,1269],"_links":{"self":[{"href":"http:\/\/www.kutupsogutma.net\/index.php?rest_route=\/wp\/v2\/product\/1139"}],"collection":[{"href":"http:\/\/www.kutupsogutma.net\/index.php?rest_route=\/wp\/v2\/product"}],"about":[{"href":"http:\/\/www.kutupsogutma.net\/index.php?rest_route=\/wp\/v2\/types\/product"}],"replies":[{"embeddable":true,"href":"http:\/\/www.kutupsogutma.net\/index.php?rest_route=%2Fwp%2Fv2%2Fcomments&post=1139"}],"wp:featuredmedia":[{"embeddable":true,"href":"http:\/\/www.kutupsogutma.net\/index.php?rest_route=\/wp\/v2\/media\/1141"}],"wp:attachment":[{"href":"http:\/\/www.kutupsogutma.net\/index.php?rest_route=%2Fwp%2Fv2%2Fmedia&parent=1139"}],"wp:term":[{"taxonomy":"product_cat","embeddable":true,"href":"http:\/\/www.kutupsogutma.net\/index.php?rest_route=%2Fwp%2Fv2%2Fproduct_cat&post=1139"},{"taxonomy":"product_tag","embeddable":true,"href":"http:\/\/www.kutupsogutma.net\/index.php?rest_route=%2Fwp%2Fv2%2Fproduct_tag&post=1139"}],"curies":[{"name":"wp","href":"https:\/\/api.w.org\/{rel}","templated":true}]}}