{"id":1138,"date":"2021-05-03T14:16:55","date_gmt":"2021-05-03T11:16:55","guid":{"rendered":"http:\/\/www.kutupsogutma.net\/?post_type=product&#038;p=1138"},"modified":"2021-05-03T14:17:42","modified_gmt":"2021-05-03T11:17:42","slug":"dogalgaz-hortumu-ocak-flexi-150-cm-frn4004","status":"publish","type":"product","link":"http:\/\/www.kutupsogutma.net\/?product=dogalgaz-hortumu-ocak-flexi-150-cm-frn4004","title":{"rendered":"DO\u011eALGAZ HORTUMU OCAK FLEX\u0130 150 CM FRN4004"},"content":{"rendered":"<p>DO\u011eALGAZ HORTUMU OCAK FLEX\u0130 150 CM FRN4004<\/p>\n","protected":false},"excerpt":{"rendered":"<p>DO\u011eALGAZ HORTUMU OCAK FLEX\u0130 150 CM FRN4004<\/p>\n","protected":false},"featured_media":1134,"comment_status":"open","ping_status":"closed","template":"","meta":[],"product_cat":[22,86],"product_tag":[1268,1267],"_links":{"self":[{"href":"http:\/\/www.kutupsogutma.net\/index.php?rest_route=\/wp\/v2\/product\/1138"}],"collection":[{"href":"http:\/\/www.kutupsogutma.net\/index.php?rest_route=\/wp\/v2\/product"}],"about":[{"href":"http:\/\/www.kutupsogutma.net\/index.php?rest_route=\/wp\/v2\/types\/product"}],"replies":[{"embeddable":true,"href":"http:\/\/www.kutupsogutma.net\/index.php?rest_route=%2Fwp%2Fv2%2Fcomments&post=1138"}],"wp:featuredmedia":[{"embeddable":true,"href":"http:\/\/www.kutupsogutma.net\/index.php?rest_route=\/wp\/v2\/media\/1134"}],"wp:attachment":[{"href":"http:\/\/www.kutupsogutma.net\/index.php?rest_route=%2Fwp%2Fv2%2Fmedia&parent=1138"}],"wp:term":[{"taxonomy":"product_cat","embeddable":true,"href":"http:\/\/www.kutupsogutma.net\/index.php?rest_route=%2Fwp%2Fv2%2Fproduct_cat&post=1138"},{"taxonomy":"product_tag","embeddable":true,"href":"http:\/\/www.kutupsogutma.net\/index.php?rest_route=%2Fwp%2Fv2%2Fproduct_tag&post=1138"}],"curies":[{"name":"wp","href":"https:\/\/api.w.org\/{rel}","templated":true}]}}