{"id":1136,"date":"2021-05-03T14:15:24","date_gmt":"2021-05-03T11:15:24","guid":{"rendered":"http:\/\/www.kutupsogutma.net\/?post_type=product&#038;p=1136"},"modified":"2021-05-03T14:16:03","modified_gmt":"2021-05-03T11:16:03","slug":"dogalgaz-hortumu-ocak-flexi-100-cm-frn4002","status":"publish","type":"product","link":"http:\/\/www.kutupsogutma.net\/?product=dogalgaz-hortumu-ocak-flexi-100-cm-frn4002","title":{"rendered":"DO\u011eALGAZ HORTUMU OCAK FLEX\u0130 100 CM FRN4002"},"content":{"rendered":"<p>DO\u011eALGAZ HORTUMU OCAK FLEX\u0130 100 CM FRN4002<\/p>\n","protected":false},"excerpt":{"rendered":"<p>DO\u011eALGAZ HORTUMU OCAK FLEX\u0130 100 CM FRN4002<\/p>\n","protected":false},"featured_media":1134,"comment_status":"open","ping_status":"closed","template":"","meta":[],"product_cat":[22,86],"product_tag":[1264,1263],"_links":{"self":[{"href":"http:\/\/www.kutupsogutma.net\/index.php?rest_route=\/wp\/v2\/product\/1136"}],"collection":[{"href":"http:\/\/www.kutupsogutma.net\/index.php?rest_route=\/wp\/v2\/product"}],"about":[{"href":"http:\/\/www.kutupsogutma.net\/index.php?rest_route=\/wp\/v2\/types\/product"}],"replies":[{"embeddable":true,"href":"http:\/\/www.kutupsogutma.net\/index.php?rest_route=%2Fwp%2Fv2%2Fcomments&post=1136"}],"wp:featuredmedia":[{"embeddable":true,"href":"http:\/\/www.kutupsogutma.net\/index.php?rest_route=\/wp\/v2\/media\/1134"}],"wp:attachment":[{"href":"http:\/\/www.kutupsogutma.net\/index.php?rest_route=%2Fwp%2Fv2%2Fmedia&parent=1136"}],"wp:term":[{"taxonomy":"product_cat","embeddable":true,"href":"http:\/\/www.kutupsogutma.net\/index.php?rest_route=%2Fwp%2Fv2%2Fproduct_cat&post=1136"},{"taxonomy":"product_tag","embeddable":true,"href":"http:\/\/www.kutupsogutma.net\/index.php?rest_route=%2Fwp%2Fv2%2Fproduct_tag&post=1136"}],"curies":[{"name":"wp","href":"https:\/\/api.w.org\/{rel}","templated":true}]}}