{"id":1127,"date":"2021-05-03T14:08:13","date_gmt":"2021-05-03T11:08:13","guid":{"rendered":"http:\/\/www.kutupsogutma.net\/?post_type=product&#038;p=1127"},"modified":"2021-05-03T14:09:45","modified_gmt":"2021-05-03T11:09:45","slug":"firin-kor-tapa-set-ustu-3-8-frn3004","status":"publish","type":"product","link":"http:\/\/www.kutupsogutma.net\/?product=firin-kor-tapa-set-ustu-3-8-frn3004","title":{"rendered":"FIRIN K\u00d6R TAPA SET \u00dcST\u00dc 3\/8 FRN3004"},"content":{"rendered":"<p>FIRIN K\u00d6R TAPA SET \u00dcST\u00dc 3\/8 FRN3004<\/p>\n","protected":false},"excerpt":{"rendered":"<p>FIRIN K\u00d6R TAPA SET \u00dcST\u00dc 3\/8 FRN3004<\/p>\n","protected":false},"featured_media":1128,"comment_status":"open","ping_status":"closed","template":"","meta":[],"product_cat":[85,22],"product_tag":[1253,1254,1252],"_links":{"self":[{"href":"http:\/\/www.kutupsogutma.net\/index.php?rest_route=\/wp\/v2\/product\/1127"}],"collection":[{"href":"http:\/\/www.kutupsogutma.net\/index.php?rest_route=\/wp\/v2\/product"}],"about":[{"href":"http:\/\/www.kutupsogutma.net\/index.php?rest_route=\/wp\/v2\/types\/product"}],"replies":[{"embeddable":true,"href":"http:\/\/www.kutupsogutma.net\/index.php?rest_route=%2Fwp%2Fv2%2Fcomments&post=1127"}],"wp:featuredmedia":[{"embeddable":true,"href":"http:\/\/www.kutupsogutma.net\/index.php?rest_route=\/wp\/v2\/media\/1128"}],"wp:attachment":[{"href":"http:\/\/www.kutupsogutma.net\/index.php?rest_route=%2Fwp%2Fv2%2Fmedia&parent=1127"}],"wp:term":[{"taxonomy":"product_cat","embeddable":true,"href":"http:\/\/www.kutupsogutma.net\/index.php?rest_route=%2Fwp%2Fv2%2Fproduct_cat&post=1127"},{"taxonomy":"product_tag","embeddable":true,"href":"http:\/\/www.kutupsogutma.net\/index.php?rest_route=%2Fwp%2Fv2%2Fproduct_tag&post=1127"}],"curies":[{"name":"wp","href":"https:\/\/api.w.org\/{rel}","templated":true}]}}