{"id":1123,"date":"2021-05-03T14:05:01","date_gmt":"2021-05-03T11:05:01","guid":{"rendered":"http:\/\/www.kutupsogutma.net\/?post_type=product&#038;p=1123"},"modified":"2021-05-03T14:06:30","modified_gmt":"2021-05-03T11:06:30","slug":"firin-pipo-set-ustu-1-2-frn3002","status":"publish","type":"product","link":"http:\/\/www.kutupsogutma.net\/?product=firin-pipo-set-ustu-1-2-frn3002","title":{"rendered":"FIRIN P\u0130PO SET \u00dcST\u00dc 1\/2 FRN3002"},"content":{"rendered":"<p>FIRIN P\u0130PO SET \u00dcST\u00dc 1\/2 FRN3002<\/p>\n","protected":false},"excerpt":{"rendered":"<p>FIRIN P\u0130PO SET \u00dcST\u00dc 1\/2 FRN3002<\/p>\n","protected":false},"featured_media":1124,"comment_status":"open","ping_status":"closed","template":"","meta":[],"product_cat":[85,22],"product_tag":[1248,1249],"_links":{"self":[{"href":"http:\/\/www.kutupsogutma.net\/index.php?rest_route=\/wp\/v2\/product\/1123"}],"collection":[{"href":"http:\/\/www.kutupsogutma.net\/index.php?rest_route=\/wp\/v2\/product"}],"about":[{"href":"http:\/\/www.kutupsogutma.net\/index.php?rest_route=\/wp\/v2\/types\/product"}],"replies":[{"embeddable":true,"href":"http:\/\/www.kutupsogutma.net\/index.php?rest_route=%2Fwp%2Fv2%2Fcomments&post=1123"}],"wp:featuredmedia":[{"embeddable":true,"href":"http:\/\/www.kutupsogutma.net\/index.php?rest_route=\/wp\/v2\/media\/1124"}],"wp:attachment":[{"href":"http:\/\/www.kutupsogutma.net\/index.php?rest_route=%2Fwp%2Fv2%2Fmedia&parent=1123"}],"wp:term":[{"taxonomy":"product_cat","embeddable":true,"href":"http:\/\/www.kutupsogutma.net\/index.php?rest_route=%2Fwp%2Fv2%2Fproduct_cat&post=1123"},{"taxonomy":"product_tag","embeddable":true,"href":"http:\/\/www.kutupsogutma.net\/index.php?rest_route=%2Fwp%2Fv2%2Fproduct_tag&post=1123"}],"curies":[{"name":"wp","href":"https:\/\/api.w.org\/{rel}","templated":true}]}}